{"id":796,"date":"2022-06-17T05:09:40","date_gmt":"2022-06-17T12:09:40","guid":{"rendered":"https:\/\/takeaction4mh.com\/media\/"},"modified":"2023-05-05T11:42:49","modified_gmt":"2023-05-05T18:42:49","slug":"media","status":"publish","type":"page","link":"https:\/\/takeaction4mh.com\/es\/media\/","title":{"rendered":"Medios de comunicaci\u00f3n"},"content":{"rendered":"<p>Nos complace servir como recurso para cualquier miembro de los medios de comunicaci\u00f3n que est\u00e9 trabajando en una historia relacionada con la salud mental y el bienestar.<\/p>\n<p>Comience con las Directrices para la presentaci\u00f3n de informes | Reporting Guidelines, incluso si ya est\u00e1 familiarizado. Es importante la forma en que hablamos, escribimos e informamos sobre la salud mental, las enfermedades mentales y el suicidio. Las mejores pr\u00e1cticas siempre evolucionan. Hemos recopilado lo \u00faltimo en informes sobre estos temas de manera responsable.<\/p>\n<p><strong>Si tiene alguna pregunta, env\u00ede un correo electr\u00f3nico a <a href=\"mailto:kim@civilian.com\" target=\"_blank\" rel=\"noopener\">Kim Coutts<\/a>.<\/strong><\/p>\n","protected":false},"excerpt":{"rendered":"<p>Nos complace servir como recurso para cualquier miembro de los medios de comunicaci\u00f3n que est\u00e9 trabajando en una historia relacionada con la salud mental y el bienestar. Comience con las Directrices para la presentaci\u00f3n de informes | Reporting Guidelines, incluso si ya est\u00e1 familiarizado. Es importante la forma en que hablamos, escribimos e informamos sobre <\/p>\n<p> <a class=\"read-more\" href=\"https:\/\/takeaction4mh.com\/es\/media\/\">Read More...<\/a><\/p>\n","protected":false},"author":1,"featured_media":798,"parent":0,"menu_order":22,"comment_status":"closed","ping_status":"closed","template":"templates\/media.php","meta":{"_acf_changed":false,"inline_featured_image":false,"footnotes":""},"class_list":["post-796","page","type-page","status-publish","has-post-thumbnail","hentry"],"acf":[],"yoast_head":"<!-- This site is optimized with the Yoast SEO plugin v27.2 - https:\/\/yoast.com\/product\/yoast-seo-wordpress\/ -->\n<title>Medios de comunicaci\u00f3n - Take Action for Mental Health<\/title>\n<meta name=\"robots\" content=\"index, follow, max-snippet:-1, max-image-preview:large, max-video-preview:-1\" \/>\n<link rel=\"canonical\" href=\"https:\/\/takeaction4mh.com\/es\/media\/\" \/>\n<meta property=\"og:locale\" content=\"es_ES\" \/>\n<meta property=\"og:type\" content=\"article\" \/>\n<meta property=\"og:title\" content=\"Medios de comunicaci\u00f3n - Take Action for Mental Health\" \/>\n<meta property=\"og:description\" content=\"Nos complace servir como recurso para cualquier miembro de los medios de comunicaci\u00f3n que est\u00e9 trabajando en una historia relacionada con la salud mental y el bienestar. Comience con las Directrices para la presentaci\u00f3n de informes | Reporting Guidelines, incluso si ya est\u00e1 familiarizado. Es importante la forma en que hablamos, escribimos e informamos sobre\" \/>\n<meta property=\"og:url\" content=\"https:\/\/takeaction4mh.com\/es\/media\/\" \/>\n<meta property=\"og:site_name\" content=\"Take Action for Mental Health\" \/>\n<meta property=\"article:modified_time\" content=\"2023-05-05T18:42:49+00:00\" \/>\n<meta property=\"og:image\" content=\"https:\/\/takeaction4mh.com\/wp-content\/uploads\/2022\/06\/media-banner-bg-scaled.jpg\" \/>\n\t<meta property=\"og:image:width\" content=\"2560\" \/>\n\t<meta property=\"og:image:height\" content=\"518\" \/>\n\t<meta property=\"og:image:type\" content=\"image\/jpeg\" \/>\n<meta name=\"twitter:card\" content=\"summary_large_image\" \/>\n<script type=\"application\/ld+json\" class=\"yoast-schema-graph\">{\"@context\":\"https:\/\/schema.org\",\"@graph\":[{\"@type\":\"WebPage\",\"@id\":\"https:\/\/takeaction4mh.com\/es\/media\/\",\"url\":\"https:\/\/takeaction4mh.com\/es\/media\/\",\"name\":\"Medios de comunicaci\u00f3n - Take Action for Mental Health\",\"isPartOf\":{\"@id\":\"https:\/\/takeaction4mh.com\/#website\"},\"primaryImageOfPage\":{\"@id\":\"https:\/\/takeaction4mh.com\/es\/media\/#primaryimage\"},\"image\":{\"@id\":\"https:\/\/takeaction4mh.com\/es\/media\/#primaryimage\"},\"thumbnailUrl\":\"https:\/\/takeaction4mh.com\/wp-content\/uploads\/2022\/06\/media-banner-bg-scaled.jpg\",\"datePublished\":\"2022-06-17T12:09:40+00:00\",\"dateModified\":\"2023-05-05T18:42:49+00:00\",\"breadcrumb\":{\"@id\":\"https:\/\/takeaction4mh.com\/es\/media\/#breadcrumb\"},\"inLanguage\":\"es\",\"potentialAction\":[{\"@type\":\"ReadAction\",\"target\":[\"https:\/\/takeaction4mh.com\/es\/media\/\"]}]},{\"@type\":\"ImageObject\",\"inLanguage\":\"es\",\"@id\":\"https:\/\/takeaction4mh.com\/es\/media\/#primaryimage\",\"url\":\"https:\/\/takeaction4mh.com\/wp-content\/uploads\/2022\/06\/media-banner-bg-scaled.jpg\",\"contentUrl\":\"https:\/\/takeaction4mh.com\/wp-content\/uploads\/2022\/06\/media-banner-bg-scaled.jpg\",\"width\":2560,\"height\":518},{\"@type\":\"BreadcrumbList\",\"@id\":\"https:\/\/takeaction4mh.com\/es\/media\/#breadcrumb\",\"itemListElement\":[{\"@type\":\"ListItem\",\"position\":1,\"name\":\"Home\",\"item\":\"https:\/\/takeaction4mh.com\/es\/\"},{\"@type\":\"ListItem\",\"position\":2,\"name\":\"Medios de comunicaci\u00f3n\"}]},{\"@type\":\"WebSite\",\"@id\":\"https:\/\/takeaction4mh.com\/#website\",\"url\":\"https:\/\/takeaction4mh.com\/\",\"name\":\"Take Action for Mental Health\",\"description\":\"\",\"potentialAction\":[{\"@type\":\"SearchAction\",\"target\":{\"@type\":\"EntryPoint\",\"urlTemplate\":\"https:\/\/takeaction4mh.com\/?s={search_term_string}\"},\"query-input\":{\"@type\":\"PropertyValueSpecification\",\"valueRequired\":true,\"valueName\":\"search_term_string\"}}],\"inLanguage\":\"es\"}]}<\/script>\n<!-- \/ Yoast SEO plugin. -->","yoast_head_json":{"title":"Medios de comunicaci\u00f3n - Take Action for Mental Health","robots":{"index":"index","follow":"follow","max-snippet":"max-snippet:-1","max-image-preview":"max-image-preview:large","max-video-preview":"max-video-preview:-1"},"canonical":"https:\/\/takeaction4mh.com\/es\/media\/","og_locale":"es_ES","og_type":"article","og_title":"Medios de comunicaci\u00f3n - Take Action for Mental Health","og_description":"Nos complace servir como recurso para cualquier miembro de los medios de comunicaci\u00f3n que est\u00e9 trabajando en una historia relacionada con la salud mental y el bienestar. Comience con las Directrices para la presentaci\u00f3n de informes | Reporting Guidelines, incluso si ya est\u00e1 familiarizado. Es importante la forma en que hablamos, escribimos e informamos sobre","og_url":"https:\/\/takeaction4mh.com\/es\/media\/","og_site_name":"Take Action for Mental Health","article_modified_time":"2023-05-05T18:42:49+00:00","og_image":[{"width":2560,"height":518,"url":"https:\/\/takeaction4mh.com\/wp-content\/uploads\/2022\/06\/media-banner-bg-scaled.jpg","type":"image\/jpeg"}],"twitter_card":"summary_large_image","schema":{"@context":"https:\/\/schema.org","@graph":[{"@type":"WebPage","@id":"https:\/\/takeaction4mh.com\/es\/media\/","url":"https:\/\/takeaction4mh.com\/es\/media\/","name":"Medios de comunicaci\u00f3n - Take Action for Mental Health","isPartOf":{"@id":"https:\/\/takeaction4mh.com\/#website"},"primaryImageOfPage":{"@id":"https:\/\/takeaction4mh.com\/es\/media\/#primaryimage"},"image":{"@id":"https:\/\/takeaction4mh.com\/es\/media\/#primaryimage"},"thumbnailUrl":"https:\/\/takeaction4mh.com\/wp-content\/uploads\/2022\/06\/media-banner-bg-scaled.jpg","datePublished":"2022-06-17T12:09:40+00:00","dateModified":"2023-05-05T18:42:49+00:00","breadcrumb":{"@id":"https:\/\/takeaction4mh.com\/es\/media\/#breadcrumb"},"inLanguage":"es","potentialAction":[{"@type":"ReadAction","target":["https:\/\/takeaction4mh.com\/es\/media\/"]}]},{"@type":"ImageObject","inLanguage":"es","@id":"https:\/\/takeaction4mh.com\/es\/media\/#primaryimage","url":"https:\/\/takeaction4mh.com\/wp-content\/uploads\/2022\/06\/media-banner-bg-scaled.jpg","contentUrl":"https:\/\/takeaction4mh.com\/wp-content\/uploads\/2022\/06\/media-banner-bg-scaled.jpg","width":2560,"height":518},{"@type":"BreadcrumbList","@id":"https:\/\/takeaction4mh.com\/es\/media\/#breadcrumb","itemListElement":[{"@type":"ListItem","position":1,"name":"Home","item":"https:\/\/takeaction4mh.com\/es\/"},{"@type":"ListItem","position":2,"name":"Medios de comunicaci\u00f3n"}]},{"@type":"WebSite","@id":"https:\/\/takeaction4mh.com\/#website","url":"https:\/\/takeaction4mh.com\/","name":"Take Action for Mental Health","description":"","potentialAction":[{"@type":"SearchAction","target":{"@type":"EntryPoint","urlTemplate":"https:\/\/takeaction4mh.com\/?s={search_term_string}"},"query-input":{"@type":"PropertyValueSpecification","valueRequired":true,"valueName":"search_term_string"}}],"inLanguage":"es"}]}},"_links":{"self":[{"href":"https:\/\/takeaction4mh.com\/es\/wp-json\/wp\/v2\/pages\/796","targetHints":{"allow":["GET"]}}],"collection":[{"href":"https:\/\/takeaction4mh.com\/es\/wp-json\/wp\/v2\/pages"}],"about":[{"href":"https:\/\/takeaction4mh.com\/es\/wp-json\/wp\/v2\/types\/page"}],"author":[{"embeddable":true,"href":"https:\/\/takeaction4mh.com\/es\/wp-json\/wp\/v2\/users\/1"}],"replies":[{"embeddable":true,"href":"https:\/\/takeaction4mh.com\/es\/wp-json\/wp\/v2\/comments?post=796"}],"version-history":[{"count":0,"href":"https:\/\/takeaction4mh.com\/es\/wp-json\/wp\/v2\/pages\/796\/revisions"}],"wp:featuredmedia":[{"embeddable":true,"href":"https:\/\/takeaction4mh.com\/es\/wp-json\/wp\/v2\/media\/798"}],"wp:attachment":[{"href":"https:\/\/takeaction4mh.com\/es\/wp-json\/wp\/v2\/media?parent=796"}],"curies":[{"name":"wp","href":"https:\/\/api.w.org\/{rel}","templated":true}]}}