{"id":769,"date":"2022-06-16T02:15:56","date_gmt":"2022-06-16T09:15:56","guid":{"rendered":"https:\/\/takeaction4mh.com\/get-involved\/"},"modified":"2022-08-30T15:51:45","modified_gmt":"2022-08-30T22:51:45","slug":"get-involved","status":"publish","type":"page","link":"https:\/\/takeaction4mh.com\/es\/get-involved\/","title":{"rendered":"Participa"},"content":{"rendered":"<p><strong>Toma acci\u00f3n para la salud mental es m\u00e1s que una campa\u00f1a: es parte del movimiento de salud mental de California.<\/strong> Toma acci\u00f3n para la salud mental no se trata de la difusi\u00f3n unidireccional de informaci\u00f3n. M\u00e1s bien, se trata de que todos \u2014juntos\u2014 trabajemos para cambiar algo para mejorarlo. Una acci\u00f3n a la vez.<\/p>\n","protected":false},"excerpt":{"rendered":"<p>Toma acci\u00f3n para la salud mental es m\u00e1s que una campa\u00f1a: es parte del movimiento de salud mental de California. Toma acci\u00f3n para la salud mental no se trata de la difusi\u00f3n unidireccional de informaci\u00f3n. M\u00e1s bien, se trata de que todos \u2014juntos\u2014 trabajemos para cambiar algo para mejorarlo. Una acci\u00f3n a la vez.<\/p>\n<p> <a class=\"read-more\" href=\"https:\/\/takeaction4mh.com\/es\/get-involved\/\">Read More...<\/a><\/p>\n","protected":false},"author":1,"featured_media":764,"parent":0,"menu_order":27,"comment_status":"closed","ping_status":"closed","template":"templates\/get-involved.php","meta":{"_acf_changed":false,"inline_featured_image":false,"footnotes":""},"class_list":["post-769","page","type-page","status-publish","has-post-thumbnail","hentry"],"acf":[],"yoast_head":"<!-- This site is optimized with the Yoast SEO plugin v27.2 - https:\/\/yoast.com\/product\/yoast-seo-wordpress\/ -->\n<title>Participa - Take Action for Mental Health<\/title>\n<meta name=\"robots\" content=\"index, follow, max-snippet:-1, max-image-preview:large, max-video-preview:-1\" \/>\n<link rel=\"canonical\" href=\"https:\/\/takeaction4mh.com\/es\/get-involved\/\" \/>\n<meta property=\"og:locale\" content=\"es_ES\" \/>\n<meta property=\"og:type\" content=\"article\" \/>\n<meta property=\"og:title\" content=\"Participa - Take Action for Mental Health\" \/>\n<meta property=\"og:description\" content=\"Toma acci\u00f3n para la salud mental es m\u00e1s que una campa\u00f1a: es parte del movimiento de salud mental de California. Toma acci\u00f3n para la salud mental no se trata de la difusi\u00f3n unidireccional de informaci\u00f3n. M\u00e1s bien, se trata de que todos \u2014juntos\u2014 trabajemos para cambiar algo para mejorarlo. Una acci\u00f3n a la vez.\" \/>\n<meta property=\"og:url\" content=\"https:\/\/takeaction4mh.com\/es\/get-involved\/\" \/>\n<meta property=\"og:site_name\" content=\"Take Action for Mental Health\" \/>\n<meta property=\"article:modified_time\" content=\"2022-08-30T22:51:45+00:00\" \/>\n<meta property=\"og:image\" content=\"https:\/\/takeaction4mh.com\/wp-content\/uploads\/2022\/06\/get-involved-bg-scaled.jpg\" \/>\n\t<meta property=\"og:image:width\" content=\"2560\" \/>\n\t<meta property=\"og:image:height\" content=\"541\" \/>\n\t<meta property=\"og:image:type\" content=\"image\/jpeg\" \/>\n<meta name=\"twitter:card\" content=\"summary_large_image\" \/>\n<script type=\"application\/ld+json\" class=\"yoast-schema-graph\">{\"@context\":\"https:\/\/schema.org\",\"@graph\":[{\"@type\":\"WebPage\",\"@id\":\"https:\/\/takeaction4mh.com\/es\/get-involved\/\",\"url\":\"https:\/\/takeaction4mh.com\/es\/get-involved\/\",\"name\":\"Participa - Take Action for Mental Health\",\"isPartOf\":{\"@id\":\"https:\/\/takeaction4mh.com\/#website\"},\"primaryImageOfPage\":{\"@id\":\"https:\/\/takeaction4mh.com\/es\/get-involved\/#primaryimage\"},\"image\":{\"@id\":\"https:\/\/takeaction4mh.com\/es\/get-involved\/#primaryimage\"},\"thumbnailUrl\":\"https:\/\/takeaction4mh.com\/wp-content\/uploads\/2022\/06\/get-involved-bg-scaled.jpg\",\"datePublished\":\"2022-06-16T09:15:56+00:00\",\"dateModified\":\"2022-08-30T22:51:45+00:00\",\"breadcrumb\":{\"@id\":\"https:\/\/takeaction4mh.com\/es\/get-involved\/#breadcrumb\"},\"inLanguage\":\"es\",\"potentialAction\":[{\"@type\":\"ReadAction\",\"target\":[\"https:\/\/takeaction4mh.com\/es\/get-involved\/\"]}]},{\"@type\":\"ImageObject\",\"inLanguage\":\"es\",\"@id\":\"https:\/\/takeaction4mh.com\/es\/get-involved\/#primaryimage\",\"url\":\"https:\/\/takeaction4mh.com\/wp-content\/uploads\/2022\/06\/get-involved-bg-scaled.jpg\",\"contentUrl\":\"https:\/\/takeaction4mh.com\/wp-content\/uploads\/2022\/06\/get-involved-bg-scaled.jpg\",\"width\":2560,\"height\":541},{\"@type\":\"BreadcrumbList\",\"@id\":\"https:\/\/takeaction4mh.com\/es\/get-involved\/#breadcrumb\",\"itemListElement\":[{\"@type\":\"ListItem\",\"position\":1,\"name\":\"Home\",\"item\":\"https:\/\/takeaction4mh.com\/es\/\"},{\"@type\":\"ListItem\",\"position\":2,\"name\":\"Participa\"}]},{\"@type\":\"WebSite\",\"@id\":\"https:\/\/takeaction4mh.com\/#website\",\"url\":\"https:\/\/takeaction4mh.com\/\",\"name\":\"Take Action for Mental Health\",\"description\":\"\",\"potentialAction\":[{\"@type\":\"SearchAction\",\"target\":{\"@type\":\"EntryPoint\",\"urlTemplate\":\"https:\/\/takeaction4mh.com\/?s={search_term_string}\"},\"query-input\":{\"@type\":\"PropertyValueSpecification\",\"valueRequired\":true,\"valueName\":\"search_term_string\"}}],\"inLanguage\":\"es\"}]}<\/script>\n<!-- \/ Yoast SEO plugin. -->","yoast_head_json":{"title":"Participa - Take Action for Mental Health","robots":{"index":"index","follow":"follow","max-snippet":"max-snippet:-1","max-image-preview":"max-image-preview:large","max-video-preview":"max-video-preview:-1"},"canonical":"https:\/\/takeaction4mh.com\/es\/get-involved\/","og_locale":"es_ES","og_type":"article","og_title":"Participa - Take Action for Mental Health","og_description":"Toma acci\u00f3n para la salud mental es m\u00e1s que una campa\u00f1a: es parte del movimiento de salud mental de California. Toma acci\u00f3n para la salud mental no se trata de la difusi\u00f3n unidireccional de informaci\u00f3n. M\u00e1s bien, se trata de que todos \u2014juntos\u2014 trabajemos para cambiar algo para mejorarlo. Una acci\u00f3n a la vez.","og_url":"https:\/\/takeaction4mh.com\/es\/get-involved\/","og_site_name":"Take Action for Mental Health","article_modified_time":"2022-08-30T22:51:45+00:00","og_image":[{"width":2560,"height":541,"url":"https:\/\/takeaction4mh.com\/wp-content\/uploads\/2022\/06\/get-involved-bg-scaled.jpg","type":"image\/jpeg"}],"twitter_card":"summary_large_image","schema":{"@context":"https:\/\/schema.org","@graph":[{"@type":"WebPage","@id":"https:\/\/takeaction4mh.com\/es\/get-involved\/","url":"https:\/\/takeaction4mh.com\/es\/get-involved\/","name":"Participa - Take Action for Mental Health","isPartOf":{"@id":"https:\/\/takeaction4mh.com\/#website"},"primaryImageOfPage":{"@id":"https:\/\/takeaction4mh.com\/es\/get-involved\/#primaryimage"},"image":{"@id":"https:\/\/takeaction4mh.com\/es\/get-involved\/#primaryimage"},"thumbnailUrl":"https:\/\/takeaction4mh.com\/wp-content\/uploads\/2022\/06\/get-involved-bg-scaled.jpg","datePublished":"2022-06-16T09:15:56+00:00","dateModified":"2022-08-30T22:51:45+00:00","breadcrumb":{"@id":"https:\/\/takeaction4mh.com\/es\/get-involved\/#breadcrumb"},"inLanguage":"es","potentialAction":[{"@type":"ReadAction","target":["https:\/\/takeaction4mh.com\/es\/get-involved\/"]}]},{"@type":"ImageObject","inLanguage":"es","@id":"https:\/\/takeaction4mh.com\/es\/get-involved\/#primaryimage","url":"https:\/\/takeaction4mh.com\/wp-content\/uploads\/2022\/06\/get-involved-bg-scaled.jpg","contentUrl":"https:\/\/takeaction4mh.com\/wp-content\/uploads\/2022\/06\/get-involved-bg-scaled.jpg","width":2560,"height":541},{"@type":"BreadcrumbList","@id":"https:\/\/takeaction4mh.com\/es\/get-involved\/#breadcrumb","itemListElement":[{"@type":"ListItem","position":1,"name":"Home","item":"https:\/\/takeaction4mh.com\/es\/"},{"@type":"ListItem","position":2,"name":"Participa"}]},{"@type":"WebSite","@id":"https:\/\/takeaction4mh.com\/#website","url":"https:\/\/takeaction4mh.com\/","name":"Take Action for Mental Health","description":"","potentialAction":[{"@type":"SearchAction","target":{"@type":"EntryPoint","urlTemplate":"https:\/\/takeaction4mh.com\/?s={search_term_string}"},"query-input":{"@type":"PropertyValueSpecification","valueRequired":true,"valueName":"search_term_string"}}],"inLanguage":"es"}]}},"_links":{"self":[{"href":"https:\/\/takeaction4mh.com\/es\/wp-json\/wp\/v2\/pages\/769","targetHints":{"allow":["GET"]}}],"collection":[{"href":"https:\/\/takeaction4mh.com\/es\/wp-json\/wp\/v2\/pages"}],"about":[{"href":"https:\/\/takeaction4mh.com\/es\/wp-json\/wp\/v2\/types\/page"}],"author":[{"embeddable":true,"href":"https:\/\/takeaction4mh.com\/es\/wp-json\/wp\/v2\/users\/1"}],"replies":[{"embeddable":true,"href":"https:\/\/takeaction4mh.com\/es\/wp-json\/wp\/v2\/comments?post=769"}],"version-history":[{"count":0,"href":"https:\/\/takeaction4mh.com\/es\/wp-json\/wp\/v2\/pages\/769\/revisions"}],"wp:featuredmedia":[{"embeddable":true,"href":"https:\/\/takeaction4mh.com\/es\/wp-json\/wp\/v2\/media\/764"}],"wp:attachment":[{"href":"https:\/\/takeaction4mh.com\/es\/wp-json\/wp\/v2\/media?parent=769"}],"curies":[{"name":"wp","href":"https:\/\/api.w.org\/{rel}","templated":true}]}}