{"id":399,"date":"2021-12-01T07:18:41","date_gmt":"2021-12-01T07:18:41","guid":{"rendered":"https:\/\/takeaction4mh.wpengine.com\/learn-more-resources\/"},"modified":"2022-09-08T11:33:52","modified_gmt":"2022-09-08T18:33:52","slug":"learn-more-resources","status":"publish","type":"page","link":"https:\/\/takeaction4mh.com\/es\/learn-more-resources\/","title":{"rendered":"Recursos para aprende m\u00e1s"},"content":{"rendered":"<p>Aprende m\u00e1s sobre tus propias necesidades de salud mental o las de las personas que aprecias. Obt\u00e9n informaci\u00f3n sobre el cuidado personal, los servicios y apoyos disponibles para ayudarte a encontrar un camino a seguir.<\/p>\n<p>Hemos incluido aqu\u00ed recursos que muchas personas que est\u00e1n pasando por problemas de salud mental han encontrado \u00fatiles. Cu\u00e9ntanos qu\u00e9 podcasts, apps y sitios web usas, y es posible que tambi\u00e9n agreguemos tus sugerencias.<\/p>\n<p>Ten en cuenta que estos enlaces se ofrecen \u00fanicamente para dar informaci\u00f3n. Nosotros actualizamos continuamente esta lista de recursos.<\/p>\n","protected":false},"excerpt":{"rendered":"<p>Aprende m\u00e1s sobre tus propias necesidades de salud mental o las de las personas que aprecias. Obt\u00e9n informaci\u00f3n sobre el cuidado personal, los servicios y apoyos disponibles para ayudarte a encontrar un camino a seguir. Hemos incluido aqu\u00ed recursos que muchas personas que est\u00e1n pasando por problemas de salud mental han encontrado \u00fatiles. Cu\u00e9ntanos qu\u00e9 <\/p>\n<p> <a class=\"read-more\" href=\"https:\/\/takeaction4mh.com\/es\/learn-more-resources\/\">Read More...<\/a><\/p>\n","protected":false},"author":1,"featured_media":0,"parent":0,"menu_order":37,"comment_status":"closed","ping_status":"closed","template":"templates\/resources-page.php","meta":{"_acf_changed":false,"inline_featured_image":false,"footnotes":""},"class_list":["post-399","page","type-page","status-publish","hentry"],"acf":[],"yoast_head":"<!-- This site is optimized with the Yoast SEO plugin v27.2 - https:\/\/yoast.com\/product\/yoast-seo-wordpress\/ -->\n<title>Recursos para aprende m\u00e1s - Take Action for Mental Health<\/title>\n<meta name=\"robots\" content=\"index, follow, max-snippet:-1, max-image-preview:large, max-video-preview:-1\" \/>\n<link rel=\"canonical\" href=\"https:\/\/takeaction4mh.com\/es\/learn-more-resources\/\" \/>\n<meta property=\"og:locale\" content=\"es_ES\" \/>\n<meta property=\"og:type\" content=\"article\" \/>\n<meta property=\"og:title\" content=\"Recursos para aprende m\u00e1s - Take Action for Mental Health\" \/>\n<meta property=\"og:description\" content=\"Aprende m\u00e1s sobre tus propias necesidades de salud mental o las de las personas que aprecias. Obt\u00e9n informaci\u00f3n sobre el cuidado personal, los servicios y apoyos disponibles para ayudarte a encontrar un camino a seguir. Hemos incluido aqu\u00ed recursos que muchas personas que est\u00e1n pasando por problemas de salud mental han encontrado \u00fatiles. Cu\u00e9ntanos qu\u00e9\" \/>\n<meta property=\"og:url\" content=\"https:\/\/takeaction4mh.com\/es\/learn-more-resources\/\" \/>\n<meta property=\"og:site_name\" content=\"Take Action for Mental Health\" \/>\n<meta property=\"article:modified_time\" content=\"2022-09-08T18:33:52+00:00\" \/>\n<meta name=\"twitter:card\" content=\"summary_large_image\" \/>\n<script type=\"application\/ld+json\" class=\"yoast-schema-graph\">{\"@context\":\"https:\/\/schema.org\",\"@graph\":[{\"@type\":\"WebPage\",\"@id\":\"https:\/\/takeaction4mh.com\/es\/learn-more-resources\/\",\"url\":\"https:\/\/takeaction4mh.com\/es\/learn-more-resources\/\",\"name\":\"Recursos para aprende m\u00e1s - Take Action for Mental Health\",\"isPartOf\":{\"@id\":\"https:\/\/takeaction4mh.com\/#website\"},\"datePublished\":\"2021-12-01T07:18:41+00:00\",\"dateModified\":\"2022-09-08T18:33:52+00:00\",\"breadcrumb\":{\"@id\":\"https:\/\/takeaction4mh.com\/es\/learn-more-resources\/#breadcrumb\"},\"inLanguage\":\"es\",\"potentialAction\":[{\"@type\":\"ReadAction\",\"target\":[\"https:\/\/takeaction4mh.com\/es\/learn-more-resources\/\"]}]},{\"@type\":\"BreadcrumbList\",\"@id\":\"https:\/\/takeaction4mh.com\/es\/learn-more-resources\/#breadcrumb\",\"itemListElement\":[{\"@type\":\"ListItem\",\"position\":1,\"name\":\"Home\",\"item\":\"https:\/\/takeaction4mh.com\/es\/\"},{\"@type\":\"ListItem\",\"position\":2,\"name\":\"Recursos para aprende m\u00e1s\"}]},{\"@type\":\"WebSite\",\"@id\":\"https:\/\/takeaction4mh.com\/#website\",\"url\":\"https:\/\/takeaction4mh.com\/\",\"name\":\"Take Action for Mental Health\",\"description\":\"\",\"potentialAction\":[{\"@type\":\"SearchAction\",\"target\":{\"@type\":\"EntryPoint\",\"urlTemplate\":\"https:\/\/takeaction4mh.com\/?s={search_term_string}\"},\"query-input\":{\"@type\":\"PropertyValueSpecification\",\"valueRequired\":true,\"valueName\":\"search_term_string\"}}],\"inLanguage\":\"es\"}]}<\/script>\n<!-- \/ Yoast SEO plugin. -->","yoast_head_json":{"title":"Recursos para aprende m\u00e1s - Take Action for Mental Health","robots":{"index":"index","follow":"follow","max-snippet":"max-snippet:-1","max-image-preview":"max-image-preview:large","max-video-preview":"max-video-preview:-1"},"canonical":"https:\/\/takeaction4mh.com\/es\/learn-more-resources\/","og_locale":"es_ES","og_type":"article","og_title":"Recursos para aprende m\u00e1s - Take Action for Mental Health","og_description":"Aprende m\u00e1s sobre tus propias necesidades de salud mental o las de las personas que aprecias. Obt\u00e9n informaci\u00f3n sobre el cuidado personal, los servicios y apoyos disponibles para ayudarte a encontrar un camino a seguir. Hemos incluido aqu\u00ed recursos que muchas personas que est\u00e1n pasando por problemas de salud mental han encontrado \u00fatiles. Cu\u00e9ntanos qu\u00e9","og_url":"https:\/\/takeaction4mh.com\/es\/learn-more-resources\/","og_site_name":"Take Action for Mental Health","article_modified_time":"2022-09-08T18:33:52+00:00","twitter_card":"summary_large_image","schema":{"@context":"https:\/\/schema.org","@graph":[{"@type":"WebPage","@id":"https:\/\/takeaction4mh.com\/es\/learn-more-resources\/","url":"https:\/\/takeaction4mh.com\/es\/learn-more-resources\/","name":"Recursos para aprende m\u00e1s - Take Action for Mental Health","isPartOf":{"@id":"https:\/\/takeaction4mh.com\/#website"},"datePublished":"2021-12-01T07:18:41+00:00","dateModified":"2022-09-08T18:33:52+00:00","breadcrumb":{"@id":"https:\/\/takeaction4mh.com\/es\/learn-more-resources\/#breadcrumb"},"inLanguage":"es","potentialAction":[{"@type":"ReadAction","target":["https:\/\/takeaction4mh.com\/es\/learn-more-resources\/"]}]},{"@type":"BreadcrumbList","@id":"https:\/\/takeaction4mh.com\/es\/learn-more-resources\/#breadcrumb","itemListElement":[{"@type":"ListItem","position":1,"name":"Home","item":"https:\/\/takeaction4mh.com\/es\/"},{"@type":"ListItem","position":2,"name":"Recursos para aprende m\u00e1s"}]},{"@type":"WebSite","@id":"https:\/\/takeaction4mh.com\/#website","url":"https:\/\/takeaction4mh.com\/","name":"Take Action for Mental Health","description":"","potentialAction":[{"@type":"SearchAction","target":{"@type":"EntryPoint","urlTemplate":"https:\/\/takeaction4mh.com\/?s={search_term_string}"},"query-input":{"@type":"PropertyValueSpecification","valueRequired":true,"valueName":"search_term_string"}}],"inLanguage":"es"}]}},"_links":{"self":[{"href":"https:\/\/takeaction4mh.com\/es\/wp-json\/wp\/v2\/pages\/399","targetHints":{"allow":["GET"]}}],"collection":[{"href":"https:\/\/takeaction4mh.com\/es\/wp-json\/wp\/v2\/pages"}],"about":[{"href":"https:\/\/takeaction4mh.com\/es\/wp-json\/wp\/v2\/types\/page"}],"author":[{"embeddable":true,"href":"https:\/\/takeaction4mh.com\/es\/wp-json\/wp\/v2\/users\/1"}],"replies":[{"embeddable":true,"href":"https:\/\/takeaction4mh.com\/es\/wp-json\/wp\/v2\/comments?post=399"}],"version-history":[{"count":0,"href":"https:\/\/takeaction4mh.com\/es\/wp-json\/wp\/v2\/pages\/399\/revisions"}],"wp:attachment":[{"href":"https:\/\/takeaction4mh.com\/es\/wp-json\/wp\/v2\/media?parent=399"}],"curies":[{"name":"wp","href":"https:\/\/api.w.org\/{rel}","templated":true}]}}