{"id":394,"date":"2021-12-01T05:28:41","date_gmt":"2021-12-01T05:28:41","guid":{"rendered":"https:\/\/takeaction4mh.wpengine.com\/check-in-resources\/"},"modified":"2022-09-08T16:54:59","modified_gmt":"2022-09-08T23:54:59","slug":"check-in-resources","status":"publish","type":"page","link":"https:\/\/takeaction4mh.com\/es\/check-in-resources\/","title":{"rendered":"C\u00f3mo estamos"},"content":{"rendered":"<p>Ponte en contacto contigo mismo para ver si necesitas tomar acci\u00f3n por tu salud mental. Haz actividades de cuidado personal y otras opciones de apoyo para darle a tu mente y cuerpo el descanso que necesitan para recargarse. Y conoce cu\u00e1ndo es el momento de buscar apoyo profesional para los desaf\u00edos que enfrentas.<\/p>\n<p>Habla con tu familia, amigos y otras personas a tu alrededor para ver si podr\u00edan necesitar un poco de apoyo para su salud mental. Tan solo hacerles saber que est\u00e1s ah\u00ed para ellos si quieren hablar puede marcar una gran diferencia. Y ay\u00fadalos a conseguir ayuda de otras fuentes si necesitan m\u00e1s apoyo.<\/p>\n","protected":false},"excerpt":{"rendered":"<p>Ponte en contacto contigo mismo para ver si necesitas tomar acci\u00f3n por tu salud mental. Haz actividades de cuidado personal y otras opciones de apoyo para darle a tu mente y cuerpo el descanso que necesitan para recargarse. Y conoce cu\u00e1ndo es el momento de buscar apoyo profesional para los desaf\u00edos que enfrentas. Habla con <\/p>\n<p> <a class=\"read-more\" href=\"https:\/\/takeaction4mh.com\/es\/check-in-resources\/\">Read More...<\/a><\/p>\n","protected":false},"author":1,"featured_media":0,"parent":0,"menu_order":25,"comment_status":"closed","ping_status":"closed","template":"templates\/resources-page.php","meta":{"_acf_changed":false,"inline_featured_image":false,"footnotes":""},"class_list":["post-394","page","type-page","status-publish","hentry"],"acf":[],"yoast_head":"<!-- This site is optimized with the Yoast SEO plugin v27.2 - https:\/\/yoast.com\/product\/yoast-seo-wordpress\/ -->\n<title>C\u00f3mo estamos - Take Action for Mental Health<\/title>\n<meta name=\"robots\" content=\"index, follow, max-snippet:-1, max-image-preview:large, max-video-preview:-1\" \/>\n<link rel=\"canonical\" href=\"https:\/\/takeaction4mh.com\/es\/check-in-resources\/\" \/>\n<meta property=\"og:locale\" content=\"es_ES\" \/>\n<meta property=\"og:type\" content=\"article\" \/>\n<meta property=\"og:title\" content=\"C\u00f3mo estamos - Take Action for Mental Health\" \/>\n<meta property=\"og:description\" content=\"Ponte en contacto contigo mismo para ver si necesitas tomar acci\u00f3n por tu salud mental. Haz actividades de cuidado personal y otras opciones de apoyo para darle a tu mente y cuerpo el descanso que necesitan para recargarse. Y conoce cu\u00e1ndo es el momento de buscar apoyo profesional para los desaf\u00edos que enfrentas. Habla con\" \/>\n<meta property=\"og:url\" content=\"https:\/\/takeaction4mh.com\/es\/check-in-resources\/\" \/>\n<meta property=\"og:site_name\" content=\"Take Action for Mental Health\" \/>\n<meta property=\"article:modified_time\" content=\"2022-09-08T23:54:59+00:00\" \/>\n<meta name=\"twitter:card\" content=\"summary_large_image\" \/>\n<script type=\"application\/ld+json\" class=\"yoast-schema-graph\">{\"@context\":\"https:\/\/schema.org\",\"@graph\":[{\"@type\":\"WebPage\",\"@id\":\"https:\/\/takeaction4mh.com\/es\/check-in-resources\/\",\"url\":\"https:\/\/takeaction4mh.com\/es\/check-in-resources\/\",\"name\":\"C\u00f3mo estamos - Take Action for Mental Health\",\"isPartOf\":{\"@id\":\"https:\/\/takeaction4mh.com\/#website\"},\"datePublished\":\"2021-12-01T05:28:41+00:00\",\"dateModified\":\"2022-09-08T23:54:59+00:00\",\"breadcrumb\":{\"@id\":\"https:\/\/takeaction4mh.com\/es\/check-in-resources\/#breadcrumb\"},\"inLanguage\":\"es\",\"potentialAction\":[{\"@type\":\"ReadAction\",\"target\":[\"https:\/\/takeaction4mh.com\/es\/check-in-resources\/\"]}]},{\"@type\":\"BreadcrumbList\",\"@id\":\"https:\/\/takeaction4mh.com\/es\/check-in-resources\/#breadcrumb\",\"itemListElement\":[{\"@type\":\"ListItem\",\"position\":1,\"name\":\"Home\",\"item\":\"https:\/\/takeaction4mh.com\/es\/\"},{\"@type\":\"ListItem\",\"position\":2,\"name\":\"C\u00f3mo estamos\"}]},{\"@type\":\"WebSite\",\"@id\":\"https:\/\/takeaction4mh.com\/#website\",\"url\":\"https:\/\/takeaction4mh.com\/\",\"name\":\"Take Action for Mental Health\",\"description\":\"\",\"potentialAction\":[{\"@type\":\"SearchAction\",\"target\":{\"@type\":\"EntryPoint\",\"urlTemplate\":\"https:\/\/takeaction4mh.com\/?s={search_term_string}\"},\"query-input\":{\"@type\":\"PropertyValueSpecification\",\"valueRequired\":true,\"valueName\":\"search_term_string\"}}],\"inLanguage\":\"es\"}]}<\/script>\n<!-- \/ Yoast SEO plugin. -->","yoast_head_json":{"title":"C\u00f3mo estamos - Take Action for Mental Health","robots":{"index":"index","follow":"follow","max-snippet":"max-snippet:-1","max-image-preview":"max-image-preview:large","max-video-preview":"max-video-preview:-1"},"canonical":"https:\/\/takeaction4mh.com\/es\/check-in-resources\/","og_locale":"es_ES","og_type":"article","og_title":"C\u00f3mo estamos - Take Action for Mental Health","og_description":"Ponte en contacto contigo mismo para ver si necesitas tomar acci\u00f3n por tu salud mental. Haz actividades de cuidado personal y otras opciones de apoyo para darle a tu mente y cuerpo el descanso que necesitan para recargarse. Y conoce cu\u00e1ndo es el momento de buscar apoyo profesional para los desaf\u00edos que enfrentas. Habla con","og_url":"https:\/\/takeaction4mh.com\/es\/check-in-resources\/","og_site_name":"Take Action for Mental Health","article_modified_time":"2022-09-08T23:54:59+00:00","twitter_card":"summary_large_image","schema":{"@context":"https:\/\/schema.org","@graph":[{"@type":"WebPage","@id":"https:\/\/takeaction4mh.com\/es\/check-in-resources\/","url":"https:\/\/takeaction4mh.com\/es\/check-in-resources\/","name":"C\u00f3mo estamos - Take Action for Mental Health","isPartOf":{"@id":"https:\/\/takeaction4mh.com\/#website"},"datePublished":"2021-12-01T05:28:41+00:00","dateModified":"2022-09-08T23:54:59+00:00","breadcrumb":{"@id":"https:\/\/takeaction4mh.com\/es\/check-in-resources\/#breadcrumb"},"inLanguage":"es","potentialAction":[{"@type":"ReadAction","target":["https:\/\/takeaction4mh.com\/es\/check-in-resources\/"]}]},{"@type":"BreadcrumbList","@id":"https:\/\/takeaction4mh.com\/es\/check-in-resources\/#breadcrumb","itemListElement":[{"@type":"ListItem","position":1,"name":"Home","item":"https:\/\/takeaction4mh.com\/es\/"},{"@type":"ListItem","position":2,"name":"C\u00f3mo estamos"}]},{"@type":"WebSite","@id":"https:\/\/takeaction4mh.com\/#website","url":"https:\/\/takeaction4mh.com\/","name":"Take Action for Mental Health","description":"","potentialAction":[{"@type":"SearchAction","target":{"@type":"EntryPoint","urlTemplate":"https:\/\/takeaction4mh.com\/?s={search_term_string}"},"query-input":{"@type":"PropertyValueSpecification","valueRequired":true,"valueName":"search_term_string"}}],"inLanguage":"es"}]}},"_links":{"self":[{"href":"https:\/\/takeaction4mh.com\/es\/wp-json\/wp\/v2\/pages\/394","targetHints":{"allow":["GET"]}}],"collection":[{"href":"https:\/\/takeaction4mh.com\/es\/wp-json\/wp\/v2\/pages"}],"about":[{"href":"https:\/\/takeaction4mh.com\/es\/wp-json\/wp\/v2\/types\/page"}],"author":[{"embeddable":true,"href":"https:\/\/takeaction4mh.com\/es\/wp-json\/wp\/v2\/users\/1"}],"replies":[{"embeddable":true,"href":"https:\/\/takeaction4mh.com\/es\/wp-json\/wp\/v2\/comments?post=394"}],"version-history":[{"count":0,"href":"https:\/\/takeaction4mh.com\/es\/wp-json\/wp\/v2\/pages\/394\/revisions"}],"wp:attachment":[{"href":"https:\/\/takeaction4mh.com\/es\/wp-json\/wp\/v2\/media?parent=394"}],"curies":[{"name":"wp","href":"https:\/\/api.w.org\/{rel}","templated":true}]}}