{"id":375,"date":"2021-11-25T09:22:22","date_gmt":"2021-11-25T09:22:22","guid":{"rendered":"https:\/\/takeaction4mh.wpengine.com\/contact-us\/"},"modified":"2024-03-04T09:48:12","modified_gmt":"2024-03-04T17:48:12","slug":"contact-us","status":"publish","type":"page","link":"https:\/\/takeaction4mh.com\/es\/contact-us\/","title":{"rendered":"Cont\u00e1ctanos"},"content":{"rendered":"<p><span style=\"font-weight: 400;\">\u00a1Queremos saber de usted! Sus dudas, comentarios y preocupaciones son importantes para nosotros. Le solicitamos que complete el formulario de contacto a continuaci\u00f3n para compartir toda pregunta o comentario sobre la campa\u00f1a <\/span><i><span style=\"font-weight: 400;\">Toma acci\u00f3n por la salud mental<\/span><\/i><span style=\"font-weight: 400;\"> o sobre la informaci\u00f3n presentada en este sitio web.<\/span><\/p>\n<p><strong>Si sientes que estas viviendo o eres testigo de una emergencia de salud mental, llama al 911 o a la <a href=\"https:\/\/988lifeline.org\/es\/home\/\" rel=\"noopener\" target=\"_blank\">https:\/\/988lifeline.org\/es\/home\/<\/a> al <a href=\"tel:988\">988<\/a>.<\/strong><\/p>\n\n<div class=\"wpcf7 no-js\" id=\"wpcf7-f382-o1\" lang=\"es-ES\" dir=\"ltr\" data-wpcf7-id=\"382\">\n<div class=\"screen-reader-response\"><p role=\"status\" aria-live=\"polite\" aria-atomic=\"true\"><\/p> <ul><\/ul><\/div>\n<form action=\"\/es\/wp-json\/wp\/v2\/pages\/375#wpcf7-f382-o1\" method=\"post\" class=\"wpcf7-form init\" aria-label=\"Formulario de contacto\" novalidate=\"novalidate\" data-status=\"init\">\n<fieldset class=\"hidden-fields-container\"><input type=\"hidden\" name=\"_wpcf7\" value=\"382\" \/><input type=\"hidden\" name=\"_wpcf7_version\" value=\"6.1.5\" \/><input type=\"hidden\" name=\"_wpcf7_locale\" value=\"es_ES\" \/><input type=\"hidden\" name=\"_wpcf7_unit_tag\" value=\"wpcf7-f382-o1\" \/><input type=\"hidden\" name=\"_wpcf7_container_post\" value=\"0\" \/><input type=\"hidden\" name=\"_wpcf7_posted_data_hash\" value=\"\" \/><input type=\"hidden\" name=\"_wpcf7_recaptcha_response\" value=\"\" \/>\n<\/fieldset>\n<p><span class=\"wpcf7-form-control-wrap\" data-name=\"your-name\"><input size=\"40\" maxlength=\"400\" class=\"wpcf7-form-control wpcf7-text wpcf7-validates-as-required\" aria-required=\"true\" aria-invalid=\"false\" placeholder=\"Nombre*\" value=\"\" type=\"text\" name=\"your-name\" \/><\/span><br \/>\n<span class=\"wpcf7-form-control-wrap\" data-name=\"your-email\"><input size=\"40\" maxlength=\"400\" class=\"wpcf7-form-control wpcf7-email wpcf7-validates-as-required wpcf7-text wpcf7-validates-as-email\" aria-required=\"true\" aria-invalid=\"false\" placeholder=\"Correo electr\u00f3nico*\" value=\"\" type=\"email\" name=\"your-email\" \/><\/span><br \/>\n<span class=\"wpcf7-form-control-wrap\" data-name=\"your-subject\"><input size=\"40\" maxlength=\"400\" class=\"wpcf7-form-control wpcf7-text\" aria-invalid=\"false\" placeholder=\"Sujeta\" value=\"\" type=\"text\" name=\"your-subject\" \/><\/span><br \/>\n<span class=\"wpcf7-form-control-wrap\" data-name=\"your-message\"><textarea cols=\"40\" rows=\"10\" maxlength=\"2000\" class=\"wpcf7-form-control wpcf7-textarea wpcf7-validates-as-required\" aria-required=\"true\" aria-invalid=\"false\" placeholder=\"Tu mensaje*\" name=\"your-message\"><\/textarea><\/span>\n<\/p>\n<div class=\"center\">\n\t<p><input class=\"wpcf7-form-control wpcf7-submit has-spinner\" type=\"submit\" value=\"Enviar\" \/>\n\t<\/p>\n<\/div><p style=\"display: none !important;\" class=\"akismet-fields-container\" data-prefix=\"_wpcf7_ak_\"><label>&#916;<textarea name=\"_wpcf7_ak_hp_textarea\" cols=\"45\" rows=\"8\" maxlength=\"100\"><\/textarea><\/label><input type=\"hidden\" id=\"ak_js_1\" name=\"_wpcf7_ak_js\" value=\"125\"\/><script>document.getElementById( \"ak_js_1\" ).setAttribute( \"value\", ( new Date() ).getTime() );<\/script><\/p><div class=\"wpcf7-response-output\" aria-hidden=\"true\"><\/div>\n<\/form>\n<\/div>\n\n<h4><b>Contactos para la prensa<\/b><\/h4>\n<p>En caso de consultas de prensa, comun\u00edquese con Kim Coutts en <a href=\"mailto:kim@civilian.com\">kim@civilian.com<\/a> o llame al <a href=\"tel:619.977.0988\">(619) 977-0988<\/a>.<\/p>\n","protected":false},"excerpt":{"rendered":"<p>\u00a1Queremos saber de usted! Sus dudas, comentarios y preocupaciones son importantes para nosotros. Le solicitamos que complete el formulario de contacto a continuaci\u00f3n para compartir toda pregunta o comentario sobre la campa\u00f1a Toma acci\u00f3n por la salud mental o sobre la informaci\u00f3n presentada en este sitio web. Si sientes que estas viviendo o eres testigo <\/p>\n<p> <a class=\"read-more\" href=\"https:\/\/takeaction4mh.com\/es\/contact-us\/\">Read More...<\/a><\/p>\n","protected":false},"author":1,"featured_media":314,"parent":0,"menu_order":30,"comment_status":"closed","ping_status":"closed","template":"templates\/contact-page.php","meta":{"_acf_changed":false,"inline_featured_image":false,"footnotes":""},"class_list":["post-375","page","type-page","status-publish","has-post-thumbnail","hentry"],"acf":[],"yoast_head":"<!-- This site is optimized with the Yoast SEO plugin v27.2 - https:\/\/yoast.com\/product\/yoast-seo-wordpress\/ -->\n<title>Cont\u00e1ctanos - Take Action for Mental Health<\/title>\n<meta name=\"robots\" content=\"index, follow, max-snippet:-1, max-image-preview:large, max-video-preview:-1\" \/>\n<link rel=\"canonical\" href=\"https:\/\/takeaction4mh.com\/es\/contact-us\/\" \/>\n<meta property=\"og:locale\" content=\"es_ES\" \/>\n<meta property=\"og:type\" content=\"article\" \/>\n<meta property=\"og:title\" content=\"Cont\u00e1ctanos - Take Action for Mental Health\" \/>\n<meta property=\"og:description\" content=\"\u00a1Queremos saber de usted! Sus dudas, comentarios y preocupaciones son importantes para nosotros. Le solicitamos que complete el formulario de contacto a continuaci\u00f3n para compartir toda pregunta o comentario sobre la campa\u00f1a Toma acci\u00f3n por la salud mental o sobre la informaci\u00f3n presentada en este sitio web. Si sientes que estas viviendo o eres testigo\" \/>\n<meta property=\"og:url\" content=\"https:\/\/takeaction4mh.com\/es\/contact-us\/\" \/>\n<meta property=\"og:site_name\" content=\"Take Action for Mental Health\" \/>\n<meta property=\"article:modified_time\" content=\"2024-03-04T17:48:12+00:00\" \/>\n<meta property=\"og:image\" content=\"https:\/\/takeaction4mh.com\/wp-content\/uploads\/2021\/11\/contact-banner.jpg\" \/>\n\t<meta property=\"og:image:width\" content=\"3840\" \/>\n\t<meta property=\"og:image:height\" content=\"812\" \/>\n\t<meta property=\"og:image:type\" content=\"image\/jpeg\" \/>\n<meta name=\"twitter:card\" content=\"summary_large_image\" \/>\n<script type=\"application\/ld+json\" class=\"yoast-schema-graph\">{\"@context\":\"https:\/\/schema.org\",\"@graph\":[{\"@type\":\"WebPage\",\"@id\":\"https:\/\/takeaction4mh.com\/es\/contact-us\/\",\"url\":\"https:\/\/takeaction4mh.com\/es\/contact-us\/\",\"name\":\"Cont\u00e1ctanos - Take Action for Mental Health\",\"isPartOf\":{\"@id\":\"https:\/\/takeaction4mh.com\/#website\"},\"primaryImageOfPage\":{\"@id\":\"https:\/\/takeaction4mh.com\/es\/contact-us\/#primaryimage\"},\"image\":{\"@id\":\"https:\/\/takeaction4mh.com\/es\/contact-us\/#primaryimage\"},\"thumbnailUrl\":\"https:\/\/takeaction4mh.com\/wp-content\/uploads\/2021\/11\/contact-banner.jpg\",\"datePublished\":\"2021-11-25T09:22:22+00:00\",\"dateModified\":\"2024-03-04T17:48:12+00:00\",\"breadcrumb\":{\"@id\":\"https:\/\/takeaction4mh.com\/es\/contact-us\/#breadcrumb\"},\"inLanguage\":\"es\",\"potentialAction\":[{\"@type\":\"ReadAction\",\"target\":[\"https:\/\/takeaction4mh.com\/es\/contact-us\/\"]}]},{\"@type\":\"ImageObject\",\"inLanguage\":\"es\",\"@id\":\"https:\/\/takeaction4mh.com\/es\/contact-us\/#primaryimage\",\"url\":\"https:\/\/takeaction4mh.com\/wp-content\/uploads\/2021\/11\/contact-banner.jpg\",\"contentUrl\":\"https:\/\/takeaction4mh.com\/wp-content\/uploads\/2021\/11\/contact-banner.jpg\",\"width\":3840,\"height\":812},{\"@type\":\"BreadcrumbList\",\"@id\":\"https:\/\/takeaction4mh.com\/es\/contact-us\/#breadcrumb\",\"itemListElement\":[{\"@type\":\"ListItem\",\"position\":1,\"name\":\"Home\",\"item\":\"https:\/\/takeaction4mh.com\/es\/\"},{\"@type\":\"ListItem\",\"position\":2,\"name\":\"Cont\u00e1ctanos\"}]},{\"@type\":\"WebSite\",\"@id\":\"https:\/\/takeaction4mh.com\/#website\",\"url\":\"https:\/\/takeaction4mh.com\/\",\"name\":\"Take Action for Mental Health\",\"description\":\"\",\"potentialAction\":[{\"@type\":\"SearchAction\",\"target\":{\"@type\":\"EntryPoint\",\"urlTemplate\":\"https:\/\/takeaction4mh.com\/?s={search_term_string}\"},\"query-input\":{\"@type\":\"PropertyValueSpecification\",\"valueRequired\":true,\"valueName\":\"search_term_string\"}}],\"inLanguage\":\"es\"}]}<\/script>\n<!-- \/ Yoast SEO plugin. -->","yoast_head_json":{"title":"Cont\u00e1ctanos - Take Action for Mental Health","robots":{"index":"index","follow":"follow","max-snippet":"max-snippet:-1","max-image-preview":"max-image-preview:large","max-video-preview":"max-video-preview:-1"},"canonical":"https:\/\/takeaction4mh.com\/es\/contact-us\/","og_locale":"es_ES","og_type":"article","og_title":"Cont\u00e1ctanos - Take Action for Mental Health","og_description":"\u00a1Queremos saber de usted! Sus dudas, comentarios y preocupaciones son importantes para nosotros. Le solicitamos que complete el formulario de contacto a continuaci\u00f3n para compartir toda pregunta o comentario sobre la campa\u00f1a Toma acci\u00f3n por la salud mental o sobre la informaci\u00f3n presentada en este sitio web. Si sientes que estas viviendo o eres testigo","og_url":"https:\/\/takeaction4mh.com\/es\/contact-us\/","og_site_name":"Take Action for Mental Health","article_modified_time":"2024-03-04T17:48:12+00:00","og_image":[{"width":3840,"height":812,"url":"https:\/\/takeaction4mh.com\/wp-content\/uploads\/2021\/11\/contact-banner.jpg","type":"image\/jpeg"}],"twitter_card":"summary_large_image","schema":{"@context":"https:\/\/schema.org","@graph":[{"@type":"WebPage","@id":"https:\/\/takeaction4mh.com\/es\/contact-us\/","url":"https:\/\/takeaction4mh.com\/es\/contact-us\/","name":"Cont\u00e1ctanos - Take Action for Mental Health","isPartOf":{"@id":"https:\/\/takeaction4mh.com\/#website"},"primaryImageOfPage":{"@id":"https:\/\/takeaction4mh.com\/es\/contact-us\/#primaryimage"},"image":{"@id":"https:\/\/takeaction4mh.com\/es\/contact-us\/#primaryimage"},"thumbnailUrl":"https:\/\/takeaction4mh.com\/wp-content\/uploads\/2021\/11\/contact-banner.jpg","datePublished":"2021-11-25T09:22:22+00:00","dateModified":"2024-03-04T17:48:12+00:00","breadcrumb":{"@id":"https:\/\/takeaction4mh.com\/es\/contact-us\/#breadcrumb"},"inLanguage":"es","potentialAction":[{"@type":"ReadAction","target":["https:\/\/takeaction4mh.com\/es\/contact-us\/"]}]},{"@type":"ImageObject","inLanguage":"es","@id":"https:\/\/takeaction4mh.com\/es\/contact-us\/#primaryimage","url":"https:\/\/takeaction4mh.com\/wp-content\/uploads\/2021\/11\/contact-banner.jpg","contentUrl":"https:\/\/takeaction4mh.com\/wp-content\/uploads\/2021\/11\/contact-banner.jpg","width":3840,"height":812},{"@type":"BreadcrumbList","@id":"https:\/\/takeaction4mh.com\/es\/contact-us\/#breadcrumb","itemListElement":[{"@type":"ListItem","position":1,"name":"Home","item":"https:\/\/takeaction4mh.com\/es\/"},{"@type":"ListItem","position":2,"name":"Cont\u00e1ctanos"}]},{"@type":"WebSite","@id":"https:\/\/takeaction4mh.com\/#website","url":"https:\/\/takeaction4mh.com\/","name":"Take Action for Mental Health","description":"","potentialAction":[{"@type":"SearchAction","target":{"@type":"EntryPoint","urlTemplate":"https:\/\/takeaction4mh.com\/?s={search_term_string}"},"query-input":{"@type":"PropertyValueSpecification","valueRequired":true,"valueName":"search_term_string"}}],"inLanguage":"es"}]}},"_links":{"self":[{"href":"https:\/\/takeaction4mh.com\/es\/wp-json\/wp\/v2\/pages\/375","targetHints":{"allow":["GET"]}}],"collection":[{"href":"https:\/\/takeaction4mh.com\/es\/wp-json\/wp\/v2\/pages"}],"about":[{"href":"https:\/\/takeaction4mh.com\/es\/wp-json\/wp\/v2\/types\/page"}],"author":[{"embeddable":true,"href":"https:\/\/takeaction4mh.com\/es\/wp-json\/wp\/v2\/users\/1"}],"replies":[{"embeddable":true,"href":"https:\/\/takeaction4mh.com\/es\/wp-json\/wp\/v2\/comments?post=375"}],"version-history":[{"count":0,"href":"https:\/\/takeaction4mh.com\/es\/wp-json\/wp\/v2\/pages\/375\/revisions"}],"wp:featuredmedia":[{"embeddable":true,"href":"https:\/\/takeaction4mh.com\/es\/wp-json\/wp\/v2\/media\/314"}],"wp:attachment":[{"href":"https:\/\/takeaction4mh.com\/es\/wp-json\/wp\/v2\/media?parent=375"}],"curies":[{"name":"wp","href":"https:\/\/api.w.org\/{rel}","templated":true}]}}