{"id":332,"date":"2021-11-25T09:21:16","date_gmt":"2021-11-25T09:21:16","guid":{"rendered":"https:\/\/takeaction4mh.wpengine.com\/about-us\/"},"modified":"2022-09-08T14:12:22","modified_gmt":"2022-09-08T21:12:22","slug":"about-us","status":"publish","type":"page","link":"https:\/\/takeaction4mh.com\/es\/about-us\/","title":{"rendered":"Qui\u00e9nes somos"},"content":{"rendered":"<h3><b>Toma acci\u00f3n para la salud mental<\/b><\/h3>\n<p><img loading=\"lazy\" decoding=\"async\" class=\"wp-image-1219 size-full alignright\" src=\"https:\/\/takeaction4mh.com\/wp-content\/uploads\/2022\/09\/TA_SPANISH.png\" alt=\"\" width=\"828\" height=\"586\" srcset=\"https:\/\/takeaction4mh.com\/wp-content\/uploads\/2022\/09\/TA_SPANISH.png 828w, https:\/\/takeaction4mh.com\/wp-content\/uploads\/2022\/09\/TA_SPANISH-300x212.png 300w, https:\/\/takeaction4mh.com\/wp-content\/uploads\/2022\/09\/TA_SPANISH-768x544.png 768w\" sizes=\"auto, (max-width: 828px) 100vw, 828px\" \/><\/p>\n<p><em>Toma acci\u00f3n para la salud mental (en ingl\u00e9s, Take Action for Mental Health)<\/em> es la campa\u00f1a del movimiento por la salud mental en curso en California. La campa\u00f1a se fundamenta en enfoques previamente establecidos y brinda recursos en apoyo a las necesidades relacionadas con la salud mental de los californianos.<\/p>\n<p>Los californianos han vivido un periodo como ning\u00fan otro que ha tenido profundos impactos en la salud mental: una pandemia global, recesi\u00f3n econ\u00f3mica, disturbios sociales y pol\u00edticos, desigualdad racial y violencia, adem\u00e1s de m\u00faltiples desastres naturales. El choque emocional, aflicci\u00f3n y p\u00e9rdida que han vivido millones de californianos es real. No es de extra\u00f1ar que muchas personas est\u00e9n en apuros o no se sientan del todo bien.<\/p>\n<p><strong>El objetivo principal de Toma acci\u00f3n para la salud mental es ayudar a que los californianos encuentren apoyo para mejorar su salud mental y la salud mental de las personas que aprecian.<\/strong> El objetivo subyacente de la campa\u00f1a es apoyar las acciones de prevenci\u00f3n e intervenci\u00f3n temprana que promueven el bienestar mental y ofrecen a los californianos las herramientas para que se ayuden a s\u00ed mismos o ayuden a sus seres queridos.<\/p>\n<p><em>Toma acci\u00f3n para la salud mental<\/em> es una evoluci\u00f3n de la campa\u00f1a <em>SanaMente<\/em>. Durante la \u00faltima d\u00e9cada, SanaMenta tuvo un impacto positivo en la reducci\u00f3n del estigma asociado con las enfermedades mentales y en el aumento de la conciencia sobre las necesidades y los recursos para la salud mental. Visite los dem\u00e1s programas de Toma acci\u00f3n para la salud mental:<\/p>\n<ul>\n<li><a href=\"https:\/\/www.elsuicidioesprevenible.org\/\" target=\"_blank\" rel=\"noopener\">Reconozca las se\u00f1ales<\/a> es la campa\u00f1a de prevenci\u00f3n del suicidio de California que incentiva a las personas para que conozcan las se\u00f1ales del suicidio, encuentren las palabras para preguntarle a un ser querido si est\u00e1 pensando en el suicidio y facilita el acceso a los recursos disponibles en la localidad.<\/li>\n<li>El programa <a href=\"https:\/\/directingchangeca.org\/\" target=\"_blank\" rel=\"noopener\">Direcci\u00f3n hacia el cambio y concurso de cine<\/a> convoca a estudiantes y j\u00f3venes de todo California para que aprendan sobre los temas relacionados con la prevenci\u00f3n del suicidio y la salud mental a trav\u00e9s del medio cinematogr\u00e1fico.<\/li>\n<\/ul>\n<blockquote>\n<h3>La Autoridad de Servicios de Salud Mental de California<\/h3>\n<p>La Autoridad de Servicios de Salud Mental de California (CalMHSA), en colaboraci\u00f3n con los condados integrantes, es una voz de referencia para los servicios de salud mental en California. Creada para cumplir lo prometido por la Ley de Servicios de Salud Mental (MHSA), CalMHSA es una autoridad de poderes conjuntos formada por los condados y ciudades de California, con enfoque en la entrega eficiente de servicios y recursos para la salud mental.<\/p>\n<p>La parte de Prevenci\u00f3n e Intervenci\u00f3n Temprana de MHSA se dise\u00f1\u00f3 para aumentar la conciencia y el acceso a los servicios de salud mental, reducir los impactos negativos que las enfermedades mentales pueden tener en el bienestar de una persona, reducir el estigma asociado con las enfermedades mentales y la b\u00fasqueda de ayuda, y prevenir el suicidio.<\/p><\/blockquote>\n","protected":false},"excerpt":{"rendered":"<p>Toma acci\u00f3n para la salud mental Toma acci\u00f3n para la salud mental (en ingl\u00e9s, Take Action for Mental Health) es la campa\u00f1a del movimiento por la salud mental en curso en California. La campa\u00f1a se fundamenta en enfoques previamente establecidos y brinda recursos en apoyo a las necesidades relacionadas con la salud mental de los <\/p>\n<p> <a class=\"read-more\" href=\"https:\/\/takeaction4mh.com\/es\/about-us\/\">Read More...<\/a><\/p>\n","protected":false},"author":1,"featured_media":311,"parent":0,"menu_order":24,"comment_status":"closed","ping_status":"closed","template":"templates\/about-page.php","meta":{"_acf_changed":false,"inline_featured_image":false,"footnotes":""},"class_list":["post-332","page","type-page","status-publish","has-post-thumbnail","hentry"],"acf":[],"yoast_head":"<!-- This site is optimized with the Yoast SEO plugin v27.2 - https:\/\/yoast.com\/product\/yoast-seo-wordpress\/ -->\n<title>Qui\u00e9nes somos - Take Action for Mental Health<\/title>\n<meta name=\"robots\" content=\"index, follow, max-snippet:-1, max-image-preview:large, max-video-preview:-1\" \/>\n<link rel=\"canonical\" href=\"https:\/\/takeaction4mh.com\/es\/about-us\/\" \/>\n<meta property=\"og:locale\" content=\"es_ES\" \/>\n<meta property=\"og:type\" content=\"article\" \/>\n<meta property=\"og:title\" content=\"Qui\u00e9nes somos - Take Action for Mental Health\" \/>\n<meta property=\"og:description\" content=\"Toma acci\u00f3n para la salud mental Toma acci\u00f3n para la salud mental (en ingl\u00e9s, Take Action for Mental Health) es la campa\u00f1a del movimiento por la salud mental en curso en California. La campa\u00f1a se fundamenta en enfoques previamente establecidos y brinda recursos en apoyo a las necesidades relacionadas con la salud mental de los\" \/>\n<meta property=\"og:url\" content=\"https:\/\/takeaction4mh.com\/es\/about-us\/\" \/>\n<meta property=\"og:site_name\" content=\"Take Action for Mental Health\" \/>\n<meta property=\"article:modified_time\" content=\"2022-09-08T21:12:22+00:00\" \/>\n<meta property=\"og:image\" content=\"https:\/\/takeaction4mh.com\/wp-content\/uploads\/2021\/11\/about-banner.jpg\" \/>\n\t<meta property=\"og:image:width\" content=\"3841\" \/>\n\t<meta property=\"og:image:height\" content=\"814\" \/>\n\t<meta property=\"og:image:type\" content=\"image\/jpeg\" \/>\n<meta name=\"twitter:card\" content=\"summary_large_image\" \/>\n<script type=\"application\/ld+json\" class=\"yoast-schema-graph\">{\"@context\":\"https:\/\/schema.org\",\"@graph\":[{\"@type\":\"WebPage\",\"@id\":\"https:\/\/takeaction4mh.com\/es\/about-us\/\",\"url\":\"https:\/\/takeaction4mh.com\/es\/about-us\/\",\"name\":\"Qui\u00e9nes somos - Take Action for Mental Health\",\"isPartOf\":{\"@id\":\"https:\/\/takeaction4mh.com\/#website\"},\"primaryImageOfPage\":{\"@id\":\"https:\/\/takeaction4mh.com\/es\/about-us\/#primaryimage\"},\"image\":{\"@id\":\"https:\/\/takeaction4mh.com\/es\/about-us\/#primaryimage\"},\"thumbnailUrl\":\"https:\/\/takeaction4mh.com\/wp-content\/uploads\/2021\/11\/about-banner.jpg\",\"datePublished\":\"2021-11-25T09:21:16+00:00\",\"dateModified\":\"2022-09-08T21:12:22+00:00\",\"breadcrumb\":{\"@id\":\"https:\/\/takeaction4mh.com\/es\/about-us\/#breadcrumb\"},\"inLanguage\":\"es\",\"potentialAction\":[{\"@type\":\"ReadAction\",\"target\":[\"https:\/\/takeaction4mh.com\/es\/about-us\/\"]}]},{\"@type\":\"ImageObject\",\"inLanguage\":\"es\",\"@id\":\"https:\/\/takeaction4mh.com\/es\/about-us\/#primaryimage\",\"url\":\"https:\/\/takeaction4mh.com\/wp-content\/uploads\/2021\/11\/about-banner.jpg\",\"contentUrl\":\"https:\/\/takeaction4mh.com\/wp-content\/uploads\/2021\/11\/about-banner.jpg\",\"width\":3841,\"height\":814},{\"@type\":\"BreadcrumbList\",\"@id\":\"https:\/\/takeaction4mh.com\/es\/about-us\/#breadcrumb\",\"itemListElement\":[{\"@type\":\"ListItem\",\"position\":1,\"name\":\"Home\",\"item\":\"https:\/\/takeaction4mh.com\/es\/\"},{\"@type\":\"ListItem\",\"position\":2,\"name\":\"Qui\u00e9nes somos\"}]},{\"@type\":\"WebSite\",\"@id\":\"https:\/\/takeaction4mh.com\/#website\",\"url\":\"https:\/\/takeaction4mh.com\/\",\"name\":\"Take Action for Mental Health\",\"description\":\"\",\"potentialAction\":[{\"@type\":\"SearchAction\",\"target\":{\"@type\":\"EntryPoint\",\"urlTemplate\":\"https:\/\/takeaction4mh.com\/?s={search_term_string}\"},\"query-input\":{\"@type\":\"PropertyValueSpecification\",\"valueRequired\":true,\"valueName\":\"search_term_string\"}}],\"inLanguage\":\"es\"}]}<\/script>\n<!-- \/ Yoast SEO plugin. -->","yoast_head_json":{"title":"Qui\u00e9nes somos - Take Action for Mental Health","robots":{"index":"index","follow":"follow","max-snippet":"max-snippet:-1","max-image-preview":"max-image-preview:large","max-video-preview":"max-video-preview:-1"},"canonical":"https:\/\/takeaction4mh.com\/es\/about-us\/","og_locale":"es_ES","og_type":"article","og_title":"Qui\u00e9nes somos - Take Action for Mental Health","og_description":"Toma acci\u00f3n para la salud mental Toma acci\u00f3n para la salud mental (en ingl\u00e9s, Take Action for Mental Health) es la campa\u00f1a del movimiento por la salud mental en curso en California. La campa\u00f1a se fundamenta en enfoques previamente establecidos y brinda recursos en apoyo a las necesidades relacionadas con la salud mental de los","og_url":"https:\/\/takeaction4mh.com\/es\/about-us\/","og_site_name":"Take Action for Mental Health","article_modified_time":"2022-09-08T21:12:22+00:00","og_image":[{"width":3841,"height":814,"url":"https:\/\/takeaction4mh.com\/wp-content\/uploads\/2021\/11\/about-banner.jpg","type":"image\/jpeg"}],"twitter_card":"summary_large_image","schema":{"@context":"https:\/\/schema.org","@graph":[{"@type":"WebPage","@id":"https:\/\/takeaction4mh.com\/es\/about-us\/","url":"https:\/\/takeaction4mh.com\/es\/about-us\/","name":"Qui\u00e9nes somos - Take Action for Mental Health","isPartOf":{"@id":"https:\/\/takeaction4mh.com\/#website"},"primaryImageOfPage":{"@id":"https:\/\/takeaction4mh.com\/es\/about-us\/#primaryimage"},"image":{"@id":"https:\/\/takeaction4mh.com\/es\/about-us\/#primaryimage"},"thumbnailUrl":"https:\/\/takeaction4mh.com\/wp-content\/uploads\/2021\/11\/about-banner.jpg","datePublished":"2021-11-25T09:21:16+00:00","dateModified":"2022-09-08T21:12:22+00:00","breadcrumb":{"@id":"https:\/\/takeaction4mh.com\/es\/about-us\/#breadcrumb"},"inLanguage":"es","potentialAction":[{"@type":"ReadAction","target":["https:\/\/takeaction4mh.com\/es\/about-us\/"]}]},{"@type":"ImageObject","inLanguage":"es","@id":"https:\/\/takeaction4mh.com\/es\/about-us\/#primaryimage","url":"https:\/\/takeaction4mh.com\/wp-content\/uploads\/2021\/11\/about-banner.jpg","contentUrl":"https:\/\/takeaction4mh.com\/wp-content\/uploads\/2021\/11\/about-banner.jpg","width":3841,"height":814},{"@type":"BreadcrumbList","@id":"https:\/\/takeaction4mh.com\/es\/about-us\/#breadcrumb","itemListElement":[{"@type":"ListItem","position":1,"name":"Home","item":"https:\/\/takeaction4mh.com\/es\/"},{"@type":"ListItem","position":2,"name":"Qui\u00e9nes somos"}]},{"@type":"WebSite","@id":"https:\/\/takeaction4mh.com\/#website","url":"https:\/\/takeaction4mh.com\/","name":"Take Action for Mental Health","description":"","potentialAction":[{"@type":"SearchAction","target":{"@type":"EntryPoint","urlTemplate":"https:\/\/takeaction4mh.com\/?s={search_term_string}"},"query-input":{"@type":"PropertyValueSpecification","valueRequired":true,"valueName":"search_term_string"}}],"inLanguage":"es"}]}},"_links":{"self":[{"href":"https:\/\/takeaction4mh.com\/es\/wp-json\/wp\/v2\/pages\/332","targetHints":{"allow":["GET"]}}],"collection":[{"href":"https:\/\/takeaction4mh.com\/es\/wp-json\/wp\/v2\/pages"}],"about":[{"href":"https:\/\/takeaction4mh.com\/es\/wp-json\/wp\/v2\/types\/page"}],"author":[{"embeddable":true,"href":"https:\/\/takeaction4mh.com\/es\/wp-json\/wp\/v2\/users\/1"}],"replies":[{"embeddable":true,"href":"https:\/\/takeaction4mh.com\/es\/wp-json\/wp\/v2\/comments?post=332"}],"version-history":[{"count":0,"href":"https:\/\/takeaction4mh.com\/es\/wp-json\/wp\/v2\/pages\/332\/revisions"}],"wp:featuredmedia":[{"embeddable":true,"href":"https:\/\/takeaction4mh.com\/es\/wp-json\/wp\/v2\/media\/311"}],"wp:attachment":[{"href":"https:\/\/takeaction4mh.com\/es\/wp-json\/wp\/v2\/media?parent=332"}],"curies":[{"name":"wp","href":"https:\/\/api.w.org\/{rel}","templated":true}]}}