{"id":1258,"date":"2022-09-06T10:37:02","date_gmt":"2022-09-06T17:37:02","guid":{"rendered":"https:\/\/takeaction4mh.com\/?page_id=1258"},"modified":"2022-09-08T14:10:17","modified_gmt":"2022-09-08T21:10:17","slug":"karamo","status":"publish","type":"page","link":"https:\/\/takeaction4mh.com\/es\/karamo\/","title":{"rendered":""},"content":{"rendered":"<p>Descrito por The New Yorker como un \u00abcomprensivo terapeuta presentador envuelto dentro de un coach de vida y ajustado con un zipper en una chaqueta bomber de moda r\u00e1pida&#8230;\u00bb, Karamo Brown, que estudi\u00f3 psicoterapia y trabaj\u00f3 en servicios sociales, es un experto en cultura en el reinicio de Queer Eye en Netflix y tres veces ganador del premio Emmy.<\/p>\n<p>Orgulloso y dedicado padre soltero gay de dos hijos, Karamo utiliza su experiencia superando el tipo de discriminaci\u00f3n llamado colorismo, el abuso f\u00edsico y emocional, la adicci\u00f3n al alcohol y a las drogas, y un intento de suicidio para ahora poder relacionarse con facilidad y comodidad natural con todos los diferentes tipos de personas.<\/p>\n<p>En sus memorias,&nbsp;<em>Karamo My Story of Embracing Purpose, Healing<\/em>, and Hope (Karamo mi historia acogiendo el prop\u00f3sito, sanaci\u00f3n y esperanza), nos reta a explorar nuestros desaf\u00edos y a tener conversaciones dif\u00edciles para ajustar nuestras mentalidades, sanar emocionalmente y avanzar para vivir nuestras mejores vidas.<\/p>\n<p>Por todo lo que hace para hacer del mundo un lugar m\u00e1s comprensivo y positivo, estamos encantados de habernos asociado con Karamo para aumentar la conciencia respecto a la campa\u00f1a Toma acci\u00f3n para la salud mental.<em>&nbsp;<\/em>Karamo es la encarnaci\u00f3n de lo que es el movimiento de salud mental en curso en California: preguntarnos a nosotros mismos y a los dem\u00e1s c\u00f3mo estamos, aprender todos los d\u00edas y saber cu\u00e1ndo conseguir ayuda.<\/p>\n<blockquote>\n<p>\u201cEn el fondo, la verdad es que todos tenemos emociones por las que pasamos y son de felicidad o tristeza; son desafiantes o dif\u00edciles y es importante para nosotros saber si est\u00e1n bien las personas que amamos que est\u00e1n a nuestro alrededor.\u201d<br><em>&#8211; Karamo Brown<\/em><\/p>\n<\/blockquote>\n<h3>Aprende m\u00e1s sobre la historia de la salud mental de Karamo<\/h3>\n\n\n<figure class=\"wp-block-embed is-type-video is-provider-vimeo wp-block-embed-vimeo wp-embed-aspect-16-9 wp-has-aspect-ratio\"><div class=\"wp-block-embed__wrapper\">\n<iframe loading=\"lazy\" src=\"https:\/\/player.vimeo.com\/video\/710438903?h=bd564464ee&amp;dnt=1&amp;app_id=122963\" width=\"604\" height=\"340\" frameborder=\"0\" allow=\"autoplay; fullscreen; picture-in-picture; clipboard-write\"><\/iframe>\n<\/div><\/figure>\n","protected":false},"excerpt":{"rendered":"<p>Descrito por The New Yorker como un \u00abcomprensivo terapeuta presentador envuelto dentro de un coach de vida y ajustado con un zipper en una chaqueta bomber de moda r\u00e1pida&#8230;\u00bb, Karamo Brown, que estudi\u00f3 psicoterapia y trabaj\u00f3 en servicios sociales, es un experto en cultura en el reinicio de Queer Eye en Netflix y tres veces <\/p>\n<p> <a class=\"read-more\" href=\"https:\/\/takeaction4mh.com\/es\/karamo\/\">Read More...<\/a><\/p>\n","protected":false},"author":1,"featured_media":662,"parent":0,"menu_order":44,"comment_status":"closed","ping_status":"closed","template":"templates\/inner-page.php","meta":{"_acf_changed":false,"inline_featured_image":false,"footnotes":""},"class_list":["post-1258","page","type-page","status-publish","has-post-thumbnail","hentry"],"acf":[],"yoast_head":"<!-- This site is optimized with the Yoast SEO plugin v27.2 - https:\/\/yoast.com\/product\/yoast-seo-wordpress\/ -->\n<title>- Take Action for Mental Health<\/title>\n<meta name=\"robots\" content=\"index, follow, max-snippet:-1, max-image-preview:large, max-video-preview:-1\" \/>\n<link rel=\"canonical\" href=\"https:\/\/takeaction4mh.com\/es\/karamo\/\" \/>\n<meta property=\"og:locale\" content=\"es_ES\" \/>\n<meta property=\"og:type\" content=\"article\" \/>\n<meta property=\"og:title\" content=\"- Take Action for Mental Health\" \/>\n<meta property=\"og:description\" content=\"Descrito por The New Yorker como un \u00abcomprensivo terapeuta presentador envuelto dentro de un coach de vida y ajustado con un zipper en una chaqueta bomber de moda r\u00e1pida&#8230;\u00bb, Karamo Brown, que estudi\u00f3 psicoterapia y trabaj\u00f3 en servicios sociales, es un experto en cultura en el reinicio de Queer Eye en Netflix y tres veces\" \/>\n<meta property=\"og:url\" content=\"https:\/\/takeaction4mh.com\/es\/karamo\/\" \/>\n<meta property=\"og:site_name\" content=\"Take Action for Mental Health\" \/>\n<meta property=\"article:modified_time\" content=\"2022-09-08T21:10:17+00:00\" \/>\n<meta property=\"og:image\" content=\"https:\/\/takeaction4mh.com\/wp-content\/uploads\/2022\/05\/Mask-Group-3-1-scaled-1.jpg\" \/>\n\t<meta property=\"og:image:width\" content=\"2560\" \/>\n\t<meta property=\"og:image:height\" content=\"541\" \/>\n\t<meta property=\"og:image:type\" content=\"image\/jpeg\" \/>\n<meta name=\"twitter:card\" content=\"summary_large_image\" \/>\n<script type=\"application\/ld+json\" class=\"yoast-schema-graph\">{\"@context\":\"https:\/\/schema.org\",\"@graph\":[{\"@type\":\"WebPage\",\"@id\":\"https:\/\/takeaction4mh.com\/es\/karamo\/\",\"url\":\"https:\/\/takeaction4mh.com\/es\/karamo\/\",\"name\":\"- Take Action for Mental Health\",\"isPartOf\":{\"@id\":\"https:\/\/takeaction4mh.com\/#website\"},\"primaryImageOfPage\":{\"@id\":\"https:\/\/takeaction4mh.com\/es\/karamo\/#primaryimage\"},\"image\":{\"@id\":\"https:\/\/takeaction4mh.com\/es\/karamo\/#primaryimage\"},\"thumbnailUrl\":\"https:\/\/takeaction4mh.com\/wp-content\/uploads\/2022\/05\/Mask-Group-3-1-scaled-1.jpg\",\"datePublished\":\"2022-09-06T17:37:02+00:00\",\"dateModified\":\"2022-09-08T21:10:17+00:00\",\"inLanguage\":\"es\",\"potentialAction\":[{\"@type\":\"ReadAction\",\"target\":[\"https:\/\/takeaction4mh.com\/es\/karamo\/\"]}]},{\"@type\":\"ImageObject\",\"inLanguage\":\"es\",\"@id\":\"https:\/\/takeaction4mh.com\/es\/karamo\/#primaryimage\",\"url\":\"https:\/\/takeaction4mh.com\/wp-content\/uploads\/2022\/05\/Mask-Group-3-1-scaled-1.jpg\",\"contentUrl\":\"https:\/\/takeaction4mh.com\/wp-content\/uploads\/2022\/05\/Mask-Group-3-1-scaled-1.jpg\",\"width\":2560,\"height\":541},{\"@type\":\"WebSite\",\"@id\":\"https:\/\/takeaction4mh.com\/#website\",\"url\":\"https:\/\/takeaction4mh.com\/\",\"name\":\"Take Action for Mental Health\",\"description\":\"\",\"potentialAction\":[{\"@type\":\"SearchAction\",\"target\":{\"@type\":\"EntryPoint\",\"urlTemplate\":\"https:\/\/takeaction4mh.com\/?s={search_term_string}\"},\"query-input\":{\"@type\":\"PropertyValueSpecification\",\"valueRequired\":true,\"valueName\":\"search_term_string\"}}],\"inLanguage\":\"es\"}]}<\/script>\n<!-- \/ Yoast SEO plugin. -->","yoast_head_json":{"title":"- Take Action for Mental Health","robots":{"index":"index","follow":"follow","max-snippet":"max-snippet:-1","max-image-preview":"max-image-preview:large","max-video-preview":"max-video-preview:-1"},"canonical":"https:\/\/takeaction4mh.com\/es\/karamo\/","og_locale":"es_ES","og_type":"article","og_title":"- Take Action for Mental Health","og_description":"Descrito por The New Yorker como un \u00abcomprensivo terapeuta presentador envuelto dentro de un coach de vida y ajustado con un zipper en una chaqueta bomber de moda r\u00e1pida&#8230;\u00bb, Karamo Brown, que estudi\u00f3 psicoterapia y trabaj\u00f3 en servicios sociales, es un experto en cultura en el reinicio de Queer Eye en Netflix y tres veces","og_url":"https:\/\/takeaction4mh.com\/es\/karamo\/","og_site_name":"Take Action for Mental Health","article_modified_time":"2022-09-08T21:10:17+00:00","og_image":[{"width":2560,"height":541,"url":"https:\/\/takeaction4mh.com\/wp-content\/uploads\/2022\/05\/Mask-Group-3-1-scaled-1.jpg","type":"image\/jpeg"}],"twitter_card":"summary_large_image","schema":{"@context":"https:\/\/schema.org","@graph":[{"@type":"WebPage","@id":"https:\/\/takeaction4mh.com\/es\/karamo\/","url":"https:\/\/takeaction4mh.com\/es\/karamo\/","name":"- Take Action for Mental Health","isPartOf":{"@id":"https:\/\/takeaction4mh.com\/#website"},"primaryImageOfPage":{"@id":"https:\/\/takeaction4mh.com\/es\/karamo\/#primaryimage"},"image":{"@id":"https:\/\/takeaction4mh.com\/es\/karamo\/#primaryimage"},"thumbnailUrl":"https:\/\/takeaction4mh.com\/wp-content\/uploads\/2022\/05\/Mask-Group-3-1-scaled-1.jpg","datePublished":"2022-09-06T17:37:02+00:00","dateModified":"2022-09-08T21:10:17+00:00","inLanguage":"es","potentialAction":[{"@type":"ReadAction","target":["https:\/\/takeaction4mh.com\/es\/karamo\/"]}]},{"@type":"ImageObject","inLanguage":"es","@id":"https:\/\/takeaction4mh.com\/es\/karamo\/#primaryimage","url":"https:\/\/takeaction4mh.com\/wp-content\/uploads\/2022\/05\/Mask-Group-3-1-scaled-1.jpg","contentUrl":"https:\/\/takeaction4mh.com\/wp-content\/uploads\/2022\/05\/Mask-Group-3-1-scaled-1.jpg","width":2560,"height":541},{"@type":"WebSite","@id":"https:\/\/takeaction4mh.com\/#website","url":"https:\/\/takeaction4mh.com\/","name":"Take Action for Mental Health","description":"","potentialAction":[{"@type":"SearchAction","target":{"@type":"EntryPoint","urlTemplate":"https:\/\/takeaction4mh.com\/?s={search_term_string}"},"query-input":{"@type":"PropertyValueSpecification","valueRequired":true,"valueName":"search_term_string"}}],"inLanguage":"es"}]}},"_links":{"self":[{"href":"https:\/\/takeaction4mh.com\/es\/wp-json\/wp\/v2\/pages\/1258","targetHints":{"allow":["GET"]}}],"collection":[{"href":"https:\/\/takeaction4mh.com\/es\/wp-json\/wp\/v2\/pages"}],"about":[{"href":"https:\/\/takeaction4mh.com\/es\/wp-json\/wp\/v2\/types\/page"}],"author":[{"embeddable":true,"href":"https:\/\/takeaction4mh.com\/es\/wp-json\/wp\/v2\/users\/1"}],"replies":[{"embeddable":true,"href":"https:\/\/takeaction4mh.com\/es\/wp-json\/wp\/v2\/comments?post=1258"}],"version-history":[{"count":0,"href":"https:\/\/takeaction4mh.com\/es\/wp-json\/wp\/v2\/pages\/1258\/revisions"}],"wp:featuredmedia":[{"embeddable":true,"href":"https:\/\/takeaction4mh.com\/es\/wp-json\/wp\/v2\/media\/662"}],"wp:attachment":[{"href":"https:\/\/takeaction4mh.com\/es\/wp-json\/wp\/v2\/media?parent=1258"}],"curies":[{"name":"wp","href":"https:\/\/api.w.org\/{rel}","templated":true}]}}