{"id":1031,"date":"2022-07-11T23:41:32","date_gmt":"2022-07-12T06:41:32","guid":{"rendered":"https:\/\/takeaction4mh.com\/resources\/"},"modified":"2022-09-08T14:13:35","modified_gmt":"2022-09-08T21:13:35","slug":"resources","status":"publish","type":"page","link":"https:\/\/takeaction4mh.com\/es\/resources\/","title":{"rendered":"Resources"},"content":{"rendered":"<p>Encontrar\u00e1s todos los recursos para preguntar <strong>C\u00f3mo estamos, Aprender m\u00e1s y Conseguir ayuda<\/strong> en un solo lugar aqu\u00ed mismo, a continuaci\u00f3n. Navega por paso de acci\u00f3n o viendo todos juntos. Tambi\u00e9n encontrar\u00e1s todos los materiales en espa\u00f1ol en la pesta\u00f1a \u00abEspa\u00f1ol\u00bb y videos para descargar en la pesta\u00f1a \u00abVideo\u00bb.<\/p>\n<p>Si no encuentra un material anterior que est\u00e1 buscando a continuaci\u00f3n, comun\u00edquese con <a href=\"mailto:info@takeaction4mh.com\" target=\"_blank\" rel=\"noopener\">info@takeaction4mh.com<\/a>.<\/p>\n","protected":false},"excerpt":{"rendered":"<p>Encontrar\u00e1s todos los recursos para preguntar C\u00f3mo estamos, Aprender m\u00e1s y Conseguir ayuda en un solo lugar aqu\u00ed mismo, a continuaci\u00f3n. Navega por paso de acci\u00f3n o viendo todos juntos. Tambi\u00e9n encontrar\u00e1s todos los materiales en espa\u00f1ol en la pesta\u00f1a \u00abEspa\u00f1ol\u00bb y videos para descargar en la pesta\u00f1a \u00abVideo\u00bb. Si no encuentra un material anterior <\/p>\n<p> <a class=\"read-more\" href=\"https:\/\/takeaction4mh.com\/es\/resources\/\">Read More...<\/a><\/p>\n","protected":false},"author":1,"featured_media":964,"parent":0,"menu_order":5,"comment_status":"closed","ping_status":"closed","template":"templates\/resources-tabs.php","meta":{"_acf_changed":false,"inline_featured_image":false,"footnotes":""},"class_list":["post-1031","page","type-page","status-publish","has-post-thumbnail","hentry"],"acf":[],"yoast_head":"<!-- This site is optimized with the Yoast SEO plugin v27.2 - https:\/\/yoast.com\/product\/yoast-seo-wordpress\/ -->\n<title>Resources - Take Action for Mental Health<\/title>\n<meta name=\"robots\" content=\"index, follow, max-snippet:-1, max-image-preview:large, max-video-preview:-1\" \/>\n<link rel=\"canonical\" href=\"https:\/\/takeaction4mh.com\/es\/resources\/\" \/>\n<meta property=\"og:locale\" content=\"es_ES\" \/>\n<meta property=\"og:type\" content=\"article\" \/>\n<meta property=\"og:title\" content=\"Resources - Take Action for Mental Health\" \/>\n<meta property=\"og:description\" content=\"Encontrar\u00e1s todos los recursos para preguntar C\u00f3mo estamos, Aprender m\u00e1s y Conseguir ayuda en un solo lugar aqu\u00ed mismo, a continuaci\u00f3n. Navega por paso de acci\u00f3n o viendo todos juntos. Tambi\u00e9n encontrar\u00e1s todos los materiales en espa\u00f1ol en la pesta\u00f1a \u00abEspa\u00f1ol\u00bb y videos para descargar en la pesta\u00f1a \u00abVideo\u00bb. Si no encuentra un material anterior\" \/>\n<meta property=\"og:url\" content=\"https:\/\/takeaction4mh.com\/es\/resources\/\" \/>\n<meta property=\"og:site_name\" content=\"Take Action for Mental Health\" \/>\n<meta property=\"article:modified_time\" content=\"2022-09-08T21:13:35+00:00\" \/>\n<meta property=\"og:image\" content=\"https:\/\/takeaction4mh.com\/wp-content\/uploads\/2022\/07\/resources-banner-bg-1-scaled.jpg\" \/>\n\t<meta property=\"og:image:width\" content=\"2560\" \/>\n\t<meta property=\"og:image:height\" content=\"541\" \/>\n\t<meta property=\"og:image:type\" content=\"image\/jpeg\" \/>\n<meta name=\"twitter:card\" content=\"summary_large_image\" \/>\n<script type=\"application\/ld+json\" class=\"yoast-schema-graph\">{\"@context\":\"https:\/\/schema.org\",\"@graph\":[{\"@type\":\"WebPage\",\"@id\":\"https:\/\/takeaction4mh.com\/es\/resources\/\",\"url\":\"https:\/\/takeaction4mh.com\/es\/resources\/\",\"name\":\"Resources - Take Action for Mental Health\",\"isPartOf\":{\"@id\":\"https:\/\/takeaction4mh.com\/#website\"},\"primaryImageOfPage\":{\"@id\":\"https:\/\/takeaction4mh.com\/es\/resources\/#primaryimage\"},\"image\":{\"@id\":\"https:\/\/takeaction4mh.com\/es\/resources\/#primaryimage\"},\"thumbnailUrl\":\"https:\/\/takeaction4mh.com\/wp-content\/uploads\/2022\/07\/resources-banner-bg-1-scaled.jpg\",\"datePublished\":\"2022-07-12T06:41:32+00:00\",\"dateModified\":\"2022-09-08T21:13:35+00:00\",\"breadcrumb\":{\"@id\":\"https:\/\/takeaction4mh.com\/es\/resources\/#breadcrumb\"},\"inLanguage\":\"es\",\"potentialAction\":[{\"@type\":\"ReadAction\",\"target\":[\"https:\/\/takeaction4mh.com\/es\/resources\/\"]}]},{\"@type\":\"ImageObject\",\"inLanguage\":\"es\",\"@id\":\"https:\/\/takeaction4mh.com\/es\/resources\/#primaryimage\",\"url\":\"https:\/\/takeaction4mh.com\/wp-content\/uploads\/2022\/07\/resources-banner-bg-1-scaled.jpg\",\"contentUrl\":\"https:\/\/takeaction4mh.com\/wp-content\/uploads\/2022\/07\/resources-banner-bg-1-scaled.jpg\",\"width\":2560,\"height\":541},{\"@type\":\"BreadcrumbList\",\"@id\":\"https:\/\/takeaction4mh.com\/es\/resources\/#breadcrumb\",\"itemListElement\":[{\"@type\":\"ListItem\",\"position\":1,\"name\":\"Home\",\"item\":\"https:\/\/takeaction4mh.com\/es\/\"},{\"@type\":\"ListItem\",\"position\":2,\"name\":\"Resources\"}]},{\"@type\":\"WebSite\",\"@id\":\"https:\/\/takeaction4mh.com\/#website\",\"url\":\"https:\/\/takeaction4mh.com\/\",\"name\":\"Take Action for Mental Health\",\"description\":\"\",\"potentialAction\":[{\"@type\":\"SearchAction\",\"target\":{\"@type\":\"EntryPoint\",\"urlTemplate\":\"https:\/\/takeaction4mh.com\/?s={search_term_string}\"},\"query-input\":{\"@type\":\"PropertyValueSpecification\",\"valueRequired\":true,\"valueName\":\"search_term_string\"}}],\"inLanguage\":\"es\"}]}<\/script>\n<!-- \/ Yoast SEO plugin. -->","yoast_head_json":{"title":"Resources - Take Action for Mental Health","robots":{"index":"index","follow":"follow","max-snippet":"max-snippet:-1","max-image-preview":"max-image-preview:large","max-video-preview":"max-video-preview:-1"},"canonical":"https:\/\/takeaction4mh.com\/es\/resources\/","og_locale":"es_ES","og_type":"article","og_title":"Resources - Take Action for Mental Health","og_description":"Encontrar\u00e1s todos los recursos para preguntar C\u00f3mo estamos, Aprender m\u00e1s y Conseguir ayuda en un solo lugar aqu\u00ed mismo, a continuaci\u00f3n. Navega por paso de acci\u00f3n o viendo todos juntos. Tambi\u00e9n encontrar\u00e1s todos los materiales en espa\u00f1ol en la pesta\u00f1a \u00abEspa\u00f1ol\u00bb y videos para descargar en la pesta\u00f1a \u00abVideo\u00bb. Si no encuentra un material anterior","og_url":"https:\/\/takeaction4mh.com\/es\/resources\/","og_site_name":"Take Action for Mental Health","article_modified_time":"2022-09-08T21:13:35+00:00","og_image":[{"width":2560,"height":541,"url":"https:\/\/takeaction4mh.com\/wp-content\/uploads\/2022\/07\/resources-banner-bg-1-scaled.jpg","type":"image\/jpeg"}],"twitter_card":"summary_large_image","schema":{"@context":"https:\/\/schema.org","@graph":[{"@type":"WebPage","@id":"https:\/\/takeaction4mh.com\/es\/resources\/","url":"https:\/\/takeaction4mh.com\/es\/resources\/","name":"Resources - Take Action for Mental Health","isPartOf":{"@id":"https:\/\/takeaction4mh.com\/#website"},"primaryImageOfPage":{"@id":"https:\/\/takeaction4mh.com\/es\/resources\/#primaryimage"},"image":{"@id":"https:\/\/takeaction4mh.com\/es\/resources\/#primaryimage"},"thumbnailUrl":"https:\/\/takeaction4mh.com\/wp-content\/uploads\/2022\/07\/resources-banner-bg-1-scaled.jpg","datePublished":"2022-07-12T06:41:32+00:00","dateModified":"2022-09-08T21:13:35+00:00","breadcrumb":{"@id":"https:\/\/takeaction4mh.com\/es\/resources\/#breadcrumb"},"inLanguage":"es","potentialAction":[{"@type":"ReadAction","target":["https:\/\/takeaction4mh.com\/es\/resources\/"]}]},{"@type":"ImageObject","inLanguage":"es","@id":"https:\/\/takeaction4mh.com\/es\/resources\/#primaryimage","url":"https:\/\/takeaction4mh.com\/wp-content\/uploads\/2022\/07\/resources-banner-bg-1-scaled.jpg","contentUrl":"https:\/\/takeaction4mh.com\/wp-content\/uploads\/2022\/07\/resources-banner-bg-1-scaled.jpg","width":2560,"height":541},{"@type":"BreadcrumbList","@id":"https:\/\/takeaction4mh.com\/es\/resources\/#breadcrumb","itemListElement":[{"@type":"ListItem","position":1,"name":"Home","item":"https:\/\/takeaction4mh.com\/es\/"},{"@type":"ListItem","position":2,"name":"Resources"}]},{"@type":"WebSite","@id":"https:\/\/takeaction4mh.com\/#website","url":"https:\/\/takeaction4mh.com\/","name":"Take Action for Mental Health","description":"","potentialAction":[{"@type":"SearchAction","target":{"@type":"EntryPoint","urlTemplate":"https:\/\/takeaction4mh.com\/?s={search_term_string}"},"query-input":{"@type":"PropertyValueSpecification","valueRequired":true,"valueName":"search_term_string"}}],"inLanguage":"es"}]}},"_links":{"self":[{"href":"https:\/\/takeaction4mh.com\/es\/wp-json\/wp\/v2\/pages\/1031","targetHints":{"allow":["GET"]}}],"collection":[{"href":"https:\/\/takeaction4mh.com\/es\/wp-json\/wp\/v2\/pages"}],"about":[{"href":"https:\/\/takeaction4mh.com\/es\/wp-json\/wp\/v2\/types\/page"}],"author":[{"embeddable":true,"href":"https:\/\/takeaction4mh.com\/es\/wp-json\/wp\/v2\/users\/1"}],"replies":[{"embeddable":true,"href":"https:\/\/takeaction4mh.com\/es\/wp-json\/wp\/v2\/comments?post=1031"}],"version-history":[{"count":0,"href":"https:\/\/takeaction4mh.com\/es\/wp-json\/wp\/v2\/pages\/1031\/revisions"}],"wp:featuredmedia":[{"embeddable":true,"href":"https:\/\/takeaction4mh.com\/es\/wp-json\/wp\/v2\/media\/964"}],"wp:attachment":[{"href":"https:\/\/takeaction4mh.com\/es\/wp-json\/wp\/v2\/media?parent=1031"}],"curies":[{"name":"wp","href":"https:\/\/api.w.org\/{rel}","templated":true}]}}