{"id":1025,"date":"2022-05-17T23:10:15","date_gmt":"2022-05-18T06:10:15","guid":{"rendered":"https:\/\/takeaction4mh.com\/take-action-pledge\/"},"modified":"2023-05-02T14:14:03","modified_gmt":"2023-05-02T21:14:03","slug":"promesa-de-tomar-accion","status":"publish","type":"page","link":"https:\/\/takeaction4mh.com\/es\/promesa-de-tomar-accion\/","title":{"rendered":"Promesa de tomar acci\u00f3n"},"content":{"rendered":"<p>\u00danete a nosotros y a gente de todo California para hacer la Promesa de tomar acci\u00f3n para la salud mental. Esta es una forma de comprometernos con nosotros mismos y con las personas que nos rodean a hacer que la salud mental sea una prioridad y a que haremos lo que podamos para apoyarnos unos a otros.<\/p>\n<h4>\u00bfPor qu\u00e9 deber\u00eda yo hacer la promesa?<\/h4>\n<ul>\n<li>\n<h6>Para apoyarte a ti mismo.<\/h6>\n<p>Porque cuidar de nosotros mismos debe ser la norma y no la excepci\u00f3n. Para comprometerte a darte la atenci\u00f3n y el apoyo que necesitas.<\/li>\n<li>\n<h6>Para apoyar a tu comunidad<\/h6>\n<p>Preguntar c\u00f3mo estamos a las personas a nuestro alrededor y demostrar que verdaderamente nos interesa la respuesta, puede marcar una gran diferencia en la vida de alguien.<\/li>\n<li>\n<h6>Para mejorar tu salud mental<\/h6>\n<p>Porque apoyar a los dem\u00e1s beneficia nuestra salud mental y bienestar\u2013al igual que practicar el cuidado personal.<\/li>\n<\/ul>\n<h6><a href=\"https:\/\/takeaction4mh.com\/wp-content\/uploads\/docs\/CalMHSA_TakeActionPledge_Spanish.pdf\" target=\"_blank\" rel=\"noopener\" download=\"\">Descarga la versi\u00f3n imprimible de la promesa<\/a><\/h6>\n","protected":false},"excerpt":{"rendered":"<p>\u00danete a nosotros y a gente de todo California para hacer la Promesa de tomar acci\u00f3n para la salud mental. Esta es una forma de comprometernos con nosotros mismos y con las personas que nos rodean a hacer que la salud mental sea una prioridad y a que haremos lo que podamos para apoyarnos unos <\/p>\n<p> <a class=\"read-more\" href=\"https:\/\/takeaction4mh.com\/es\/promesa-de-tomar-accion\/\">Read More...<\/a><\/p>\n","protected":false},"author":1,"featured_media":893,"parent":0,"menu_order":10,"comment_status":"closed","ping_status":"closed","template":"templates\/pledge.php","meta":{"_acf_changed":false,"inline_featured_image":false,"footnotes":""},"class_list":["post-1025","page","type-page","status-publish","has-post-thumbnail","hentry"],"acf":[],"yoast_head":"<!-- This site is optimized with the Yoast SEO plugin v27.2 - https:\/\/yoast.com\/product\/yoast-seo-wordpress\/ -->\n<title>Promesa de tomar acci\u00f3n - Take Action for Mental Health<\/title>\n<meta name=\"robots\" content=\"index, follow, max-snippet:-1, max-image-preview:large, max-video-preview:-1\" \/>\n<link rel=\"canonical\" href=\"https:\/\/takeaction4mh.com\/es\/promesa-de-tomar-accion\/\" \/>\n<meta property=\"og:locale\" content=\"es_ES\" \/>\n<meta property=\"og:type\" content=\"article\" \/>\n<meta property=\"og:title\" content=\"Promesa de tomar acci\u00f3n - Take Action for Mental Health\" \/>\n<meta property=\"og:description\" content=\"\u00danete a nosotros y a gente de todo California para hacer la Promesa de tomar acci\u00f3n para la salud mental. Esta es una forma de comprometernos con nosotros mismos y con las personas que nos rodean a hacer que la salud mental sea una prioridad y a que haremos lo que podamos para apoyarnos unos\" \/>\n<meta property=\"og:url\" content=\"https:\/\/takeaction4mh.com\/es\/promesa-de-tomar-accion\/\" \/>\n<meta property=\"og:site_name\" content=\"Take Action for Mental Health\" \/>\n<meta property=\"article:modified_time\" content=\"2023-05-02T21:14:03+00:00\" \/>\n<meta property=\"og:image\" content=\"https:\/\/takeaction4mh.com\/wp-content\/uploads\/2023\/05\/TakeTheledge_SocialPreview_Spanish_1200x630.png\" \/>\n\t<meta property=\"og:image:width\" content=\"1200\" \/>\n\t<meta property=\"og:image:height\" content=\"630\" \/>\n\t<meta property=\"og:image:type\" content=\"image\/png\" \/>\n<meta name=\"twitter:card\" content=\"summary_large_image\" \/>\n<meta name=\"twitter:image\" content=\"https:\/\/takeaction4mh.com\/wp-content\/uploads\/2023\/05\/TakeTheledge_SocialPreview_Spanish_1200x630.png\" \/>\n<script type=\"application\/ld+json\" class=\"yoast-schema-graph\">{\"@context\":\"https:\/\/schema.org\",\"@graph\":[{\"@type\":\"WebPage\",\"@id\":\"https:\/\/takeaction4mh.com\/es\/promesa-de-tomar-accion\/\",\"url\":\"https:\/\/takeaction4mh.com\/es\/promesa-de-tomar-accion\/\",\"name\":\"Promesa de tomar acci\u00f3n - Take Action for Mental Health\",\"isPartOf\":{\"@id\":\"https:\/\/takeaction4mh.com\/#website\"},\"primaryImageOfPage\":{\"@id\":\"https:\/\/takeaction4mh.com\/es\/promesa-de-tomar-accion\/#primaryimage\"},\"image\":{\"@id\":\"https:\/\/takeaction4mh.com\/es\/promesa-de-tomar-accion\/#primaryimage\"},\"thumbnailUrl\":\"https:\/\/takeaction4mh.com\/wp-content\/uploads\/2022\/06\/pledge-banner-bg-scaled.jpg\",\"datePublished\":\"2022-05-18T06:10:15+00:00\",\"dateModified\":\"2023-05-02T21:14:03+00:00\",\"breadcrumb\":{\"@id\":\"https:\/\/takeaction4mh.com\/es\/promesa-de-tomar-accion\/#breadcrumb\"},\"inLanguage\":\"es\",\"potentialAction\":[{\"@type\":\"ReadAction\",\"target\":[\"https:\/\/takeaction4mh.com\/es\/promesa-de-tomar-accion\/\"]}]},{\"@type\":\"ImageObject\",\"inLanguage\":\"es\",\"@id\":\"https:\/\/takeaction4mh.com\/es\/promesa-de-tomar-accion\/#primaryimage\",\"url\":\"https:\/\/takeaction4mh.com\/wp-content\/uploads\/2022\/06\/pledge-banner-bg-scaled.jpg\",\"contentUrl\":\"https:\/\/takeaction4mh.com\/wp-content\/uploads\/2022\/06\/pledge-banner-bg-scaled.jpg\",\"width\":2560,\"height\":535},{\"@type\":\"BreadcrumbList\",\"@id\":\"https:\/\/takeaction4mh.com\/es\/promesa-de-tomar-accion\/#breadcrumb\",\"itemListElement\":[{\"@type\":\"ListItem\",\"position\":1,\"name\":\"Home\",\"item\":\"https:\/\/takeaction4mh.com\/es\/\"},{\"@type\":\"ListItem\",\"position\":2,\"name\":\"Promesa de tomar acci\u00f3n\"}]},{\"@type\":\"WebSite\",\"@id\":\"https:\/\/takeaction4mh.com\/#website\",\"url\":\"https:\/\/takeaction4mh.com\/\",\"name\":\"Take Action for Mental Health\",\"description\":\"\",\"potentialAction\":[{\"@type\":\"SearchAction\",\"target\":{\"@type\":\"EntryPoint\",\"urlTemplate\":\"https:\/\/takeaction4mh.com\/?s={search_term_string}\"},\"query-input\":{\"@type\":\"PropertyValueSpecification\",\"valueRequired\":true,\"valueName\":\"search_term_string\"}}],\"inLanguage\":\"es\"}]}<\/script>\n<!-- \/ Yoast SEO plugin. -->","yoast_head_json":{"title":"Promesa de tomar acci\u00f3n - Take Action for Mental Health","robots":{"index":"index","follow":"follow","max-snippet":"max-snippet:-1","max-image-preview":"max-image-preview:large","max-video-preview":"max-video-preview:-1"},"canonical":"https:\/\/takeaction4mh.com\/es\/promesa-de-tomar-accion\/","og_locale":"es_ES","og_type":"article","og_title":"Promesa de tomar acci\u00f3n - Take Action for Mental Health","og_description":"\u00danete a nosotros y a gente de todo California para hacer la Promesa de tomar acci\u00f3n para la salud mental. Esta es una forma de comprometernos con nosotros mismos y con las personas que nos rodean a hacer que la salud mental sea una prioridad y a que haremos lo que podamos para apoyarnos unos","og_url":"https:\/\/takeaction4mh.com\/es\/promesa-de-tomar-accion\/","og_site_name":"Take Action for Mental Health","article_modified_time":"2023-05-02T21:14:03+00:00","og_image":[{"width":1200,"height":630,"url":"https:\/\/takeaction4mh.com\/wp-content\/uploads\/2023\/05\/TakeTheledge_SocialPreview_Spanish_1200x630.png","type":"image\/png"}],"twitter_card":"summary_large_image","twitter_image":"https:\/\/takeaction4mh.com\/wp-content\/uploads\/2023\/05\/TakeTheledge_SocialPreview_Spanish_1200x630.png","schema":{"@context":"https:\/\/schema.org","@graph":[{"@type":"WebPage","@id":"https:\/\/takeaction4mh.com\/es\/promesa-de-tomar-accion\/","url":"https:\/\/takeaction4mh.com\/es\/promesa-de-tomar-accion\/","name":"Promesa de tomar acci\u00f3n - Take Action for Mental Health","isPartOf":{"@id":"https:\/\/takeaction4mh.com\/#website"},"primaryImageOfPage":{"@id":"https:\/\/takeaction4mh.com\/es\/promesa-de-tomar-accion\/#primaryimage"},"image":{"@id":"https:\/\/takeaction4mh.com\/es\/promesa-de-tomar-accion\/#primaryimage"},"thumbnailUrl":"https:\/\/takeaction4mh.com\/wp-content\/uploads\/2022\/06\/pledge-banner-bg-scaled.jpg","datePublished":"2022-05-18T06:10:15+00:00","dateModified":"2023-05-02T21:14:03+00:00","breadcrumb":{"@id":"https:\/\/takeaction4mh.com\/es\/promesa-de-tomar-accion\/#breadcrumb"},"inLanguage":"es","potentialAction":[{"@type":"ReadAction","target":["https:\/\/takeaction4mh.com\/es\/promesa-de-tomar-accion\/"]}]},{"@type":"ImageObject","inLanguage":"es","@id":"https:\/\/takeaction4mh.com\/es\/promesa-de-tomar-accion\/#primaryimage","url":"https:\/\/takeaction4mh.com\/wp-content\/uploads\/2022\/06\/pledge-banner-bg-scaled.jpg","contentUrl":"https:\/\/takeaction4mh.com\/wp-content\/uploads\/2022\/06\/pledge-banner-bg-scaled.jpg","width":2560,"height":535},{"@type":"BreadcrumbList","@id":"https:\/\/takeaction4mh.com\/es\/promesa-de-tomar-accion\/#breadcrumb","itemListElement":[{"@type":"ListItem","position":1,"name":"Home","item":"https:\/\/takeaction4mh.com\/es\/"},{"@type":"ListItem","position":2,"name":"Promesa de tomar acci\u00f3n"}]},{"@type":"WebSite","@id":"https:\/\/takeaction4mh.com\/#website","url":"https:\/\/takeaction4mh.com\/","name":"Take Action for Mental Health","description":"","potentialAction":[{"@type":"SearchAction","target":{"@type":"EntryPoint","urlTemplate":"https:\/\/takeaction4mh.com\/?s={search_term_string}"},"query-input":{"@type":"PropertyValueSpecification","valueRequired":true,"valueName":"search_term_string"}}],"inLanguage":"es"}]}},"_links":{"self":[{"href":"https:\/\/takeaction4mh.com\/es\/wp-json\/wp\/v2\/pages\/1025","targetHints":{"allow":["GET"]}}],"collection":[{"href":"https:\/\/takeaction4mh.com\/es\/wp-json\/wp\/v2\/pages"}],"about":[{"href":"https:\/\/takeaction4mh.com\/es\/wp-json\/wp\/v2\/types\/page"}],"author":[{"embeddable":true,"href":"https:\/\/takeaction4mh.com\/es\/wp-json\/wp\/v2\/users\/1"}],"replies":[{"embeddable":true,"href":"https:\/\/takeaction4mh.com\/es\/wp-json\/wp\/v2\/comments?post=1025"}],"version-history":[{"count":0,"href":"https:\/\/takeaction4mh.com\/es\/wp-json\/wp\/v2\/pages\/1025\/revisions"}],"wp:featuredmedia":[{"embeddable":true,"href":"https:\/\/takeaction4mh.com\/es\/wp-json\/wp\/v2\/media\/893"}],"wp:attachment":[{"href":"https:\/\/takeaction4mh.com\/es\/wp-json\/wp\/v2\/media?parent=1025"}],"curies":[{"name":"wp","href":"https:\/\/api.w.org\/{rel}","templated":true}]}}